{"id":16775,"date":"2022-04-02T20:33:21","date_gmt":"2022-04-02T18:33:21","guid":{"rendered":"https:\/\/www.physiotherapie-berlinmitte.de\/massage-antistress\/"},"modified":"2022-05-14T13:16:30","modified_gmt":"2022-05-14T11:16:30","slug":"massage-antistress","status":"publish","type":"page","link":"https:\/\/www.physiotherapie-berlinmitte.de\/fr\/massage-antistress\/","title":{"rendered":"Massage antistress"},"content":{"rendered":"<section class=\"gb-container gb-container-cf3e5ca8\"><div class=\"gb-inside-container\">\n\n<h1 class=\"phead\">Massage antistress<\/h1>\r\n\n\n<div class=\"gb-grid-wrapper gb-grid-wrapper-86bf62c7 mb30\">\n<div class=\"gb-grid-column gb-grid-column-2a4daa15\"><div class=\"gb-container gb-container-2a4daa15 limg\"><div class=\"gb-inside-container\">\n\n<figure class=\"wp-block-image size-full\"><img decoding=\"async\" width=\"400\" height=\"244\" src=\"https:\/\/www.physiotherapie-berlinmitte.de\/wp-content\/uploads\/2022\/04\/anti-stress-massage.jpg\" alt=\"Massage antistress\" class=\"wp-image-15506\" srcset=\"https:\/\/www.physiotherapie-berlinmitte.de\/wp-content\/uploads\/2022\/04\/anti-stress-massage.jpg 400w, https:\/\/www.physiotherapie-berlinmitte.de\/wp-content\/uploads\/2022\/04\/anti-stress-massage-300x183.jpg 300w\" sizes=\"(max-width: 400px) 100vw, 400px\" \/><\/figure>\n<\/div><\/div><\/div>\n\n<div class=\"gb-grid-column gb-grid-column-ed284073\"><div class=\"gb-container gb-container-ed284073\"><div class=\"gb-inside-container\">\n\n<p>Si la vie quotidienne est per\u00e7ue comme rapide, la fa\u00e7on de travailler comme tr\u00e9pidante, la pression des \u00e9tudes comme restrictive, le corps r\u00e9agit avec le stress. Un \u00e9tat de tension permanent est pr\u00e9judiciable \u00e0 la sant\u00e9 et entra\u00eene dans un premier temps des tensions et des douleurs dans le corps \u2013 notamment au niveau des \u00e9paules, du cou et du dos.<\/p>\n\n\n\n<p>Mais la psych\u00e9 r\u00e9agit aussi n\u00e9gativement. Cela r\u00e9duit les performances et conduit \u00e0 un \u00e9puisement g\u00e9n\u00e9ral, qui peut avoir des effets divers. Si certains souffrent de troubles du sommeil ou de probl\u00e8mes cardiovasculaires, d\u2019autres r\u00e9agissent par des blocages de la pens\u00e9e, de la nervosit\u00e9 ou de l\u2019apathie. Une solution possible \u00e0 ces probl\u00e8mes : un massage anti-stress.<\/p>\n\n<\/div><\/div><\/div>\n<\/div>\n\n\n<div class=\"cta-wrapper\">\r\n<div class=\"cta-phone\">\r\n<h3 class=\"head1 center\">Prendre rendez-vous<\/h3>\r\n<p class=\"center\">Vous \u00eates stress\u00e9 ? Vous avez des soucis au travail ou dans votre vie priv\u00e9e ? Nous aidons rapidement et sans complication! Appelez-nous et prenez rendez-vous \u00e0 court pr\u00e9avis dans notre pratique de physioth\u00e9rapie.<\/p>\r\n<a class=\"btn btn-secondary\" href=\"tel:+493054881177\"><i class=\"fa fa-phone\"><\/i>+49 30 54 88 11 77<\/a>\r\n<\/div>\r\n<\/div>\r\n\n\n\n<p>Un massage anti-stress se concentre sur la relaxation des r\u00e9gions du corps stress\u00e9es. Elle comprend des techniques de pr\u00e9hension, de pression, de frappe, de p\u00e9trissage ou de tapotement dont le rythme et la force varient en fonction du degr\u00e9 de tension et du besoin. L\u2019objectif est de calmer le corps afin que l\u2019esprit puisse se d\u00e9velopper \u00e0 nouveau librement.<\/p>\n\n\n\n<p>L\u2019\u00e9tat g\u00e9n\u00e9ral d\u2019une personne atteint un \u00e9tat id\u00e9al lorsque le corps et l\u2019esprit sont en harmonie. Un corps satisfait a automatiquement un effet positif sur la psych\u00e9. Se retirer bri\u00e8vement de l\u2019agitation de la vie quotidienne et ne rien faire \u2013 le corps se d\u00e9tend, le c\u0153ur bat \u00e0 intervalles r\u00e9guliers, la respiration s\u2019\u00e9coule, les pens\u00e9es sont libres.<\/p>\n\n<\/div><\/section>","protected":false},"excerpt":{"rendered":"Massage antistress Prendre rendez-vous Vous \u00eates stress\u00e9 ? Vous avez des soucis au travail ou dans votre vie priv\u00e9e ? Nous aidons rapidement et &#8230; <a title=\"Massage antistress\" class=\"read-more\" href=\"https:\/\/www.physiotherapie-berlinmitte.de\/fr\/massage-antistress\/\" aria-label=\"En savoir plus sur Massage antistress\">Lire la suite<\/a>","protected":false},"author":1,"featured_media":0,"parent":0,"menu_order":0,"comment_status":"closed","ping_status":"closed","template":"","meta":{"_seopress_robots_primary_cat":"","_seopress_titles_title":"","_seopress_titles_desc":"","_seopress_robots_index":"","footnotes":""},"class_list":{"0":"post-16775","1":"page","2":"type-page","3":"status-publish","5":"no-featured-image-padding"},"_links":{"self":[{"href":"https:\/\/www.physiotherapie-berlinmitte.de\/fr\/wp-json\/wp\/v2\/pages\/16775","targetHints":{"allow":["GET"]}}],"collection":[{"href":"https:\/\/www.physiotherapie-berlinmitte.de\/fr\/wp-json\/wp\/v2\/pages"}],"about":[{"href":"https:\/\/www.physiotherapie-berlinmitte.de\/fr\/wp-json\/wp\/v2\/types\/page"}],"author":[{"embeddable":true,"href":"https:\/\/www.physiotherapie-berlinmitte.de\/fr\/wp-json\/wp\/v2\/users\/1"}],"replies":[{"embeddable":true,"href":"https:\/\/www.physiotherapie-berlinmitte.de\/fr\/wp-json\/wp\/v2\/comments?post=16775"}],"version-history":[{"count":0,"href":"https:\/\/www.physiotherapie-berlinmitte.de\/fr\/wp-json\/wp\/v2\/pages\/16775\/revisions"}],"wp:attachment":[{"href":"https:\/\/www.physiotherapie-berlinmitte.de\/fr\/wp-json\/wp\/v2\/media?parent=16775"}],"curies":[{"name":"wp","href":"https:\/\/api.w.org\/{rel}","templated":true}]}}