{"id":16799,"date":"2022-10-02T17:07:02","date_gmt":"2022-10-02T15:07:02","guid":{"rendered":"https:\/\/www.physiotherapie-berlinmitte.de\/bobath-pour-adultes-kg-neuro\/"},"modified":"2022-10-02T19:54:00","modified_gmt":"2022-10-02T17:54:00","slug":"bobath-pour-adultes-kg-neuro","status":"publish","type":"page","link":"https:\/\/www.physiotherapie-berlinmitte.de\/fr\/bobath-pour-adultes-kg-neuro\/","title":{"rendered":"Bobath pour adultes \/ KG Neuro"},"content":{"rendered":"<section class=\"gb-container gb-container-b392a2d0\"><div class=\"gb-inside-container\">\n\n<figure class=\"wp-block-image size-full mb30\"><img decoding=\"async\" width=\"1920\" height=\"600\" src=\"https:\/\/www.physiotherapie-berlinmitte.de\/wp-content\/uploads\/2022\/04\/bobath-physiotherapie-berlin-mitte-christian-marsch.jpg\" alt=\"Physioth&#xE9;rapie Bobath Berlin Mitte Christian Marsch\" class=\"wp-image-15685\" srcset=\"https:\/\/www.physiotherapie-berlinmitte.de\/wp-content\/uploads\/2022\/04\/bobath-physiotherapie-berlin-mitte-christian-marsch.jpg 1920w, https:\/\/www.physiotherapie-berlinmitte.de\/wp-content\/uploads\/2022\/04\/bobath-physiotherapie-berlin-mitte-christian-marsch-300x94.jpg 300w, https:\/\/www.physiotherapie-berlinmitte.de\/wp-content\/uploads\/2022\/04\/bobath-physiotherapie-berlin-mitte-christian-marsch-1024x320.jpg 1024w, https:\/\/www.physiotherapie-berlinmitte.de\/wp-content\/uploads\/2022\/04\/bobath-physiotherapie-berlin-mitte-christian-marsch-768x240.jpg 768w, https:\/\/www.physiotherapie-berlinmitte.de\/wp-content\/uploads\/2022\/04\/bobath-physiotherapie-berlin-mitte-christian-marsch-1536x480.jpg 1536w\" sizes=\"(max-width: 1920px) 100vw, 1920px\" \/><\/figure>\n\n\n<h1 class=\"phead\">Th\u00e9rapie Bobath pour adultes en cas de maladies neurologiques<\/h1>\n\n\n\n<p>La <strong>th\u00e9rapie Bobath<\/strong> est une forme sp\u00e9ciale de th\u00e9rapie neurologique chez les adultes. Elle est utilis\u00e9e pour redresser lentement et syst\u00e9matiquement les personnes atteintes de paralysie ou d&rsquo;autres probl\u00e8mes neurologiques, et pour am\u00e9liorer leurs capacit\u00e9s motrices et cognitives. L&rsquo;objectif de cette forme de th\u00e9rapie est de stimuler l&rsquo;activit\u00e9 propre du patient de mani\u00e8re individuelle et en fonction de la vie quotidienne.<\/p>\n\n\n\n<p>La th\u00e9rapie Bobath est une m\u00e9thode tr\u00e8s efficace pour aider les adultes souffrant de troubles neurologiques. De nombreux patients font \u00e9tat d&rsquo;une am\u00e9lioration de leurs capacit\u00e9s motrices et cognitives apr\u00e8s le traitement.<\/p>\n\n\n\n<div class=\"cta-wrapper\">\n<div class=\"cta-phone\">\n<h3 class=\"head1 center\">Prenez rendez-vous<\/h3>\n<p class=\"center\">Vous avez re\u00e7u une ordonnance de physioth\u00e9rapie \u00ab\u00a0selon Bobath\u00a0\u00bb ? Nous vous aidons rapidement et simplement ! Contactez-nous et prenez rendez-vous \u00e0 court terme dans notre cabinet de physioth\u00e9rapie.<\/p>\n<p class=\"btn-set\">\n<a class=\"btn btn-secondary\" href=\"tel:+493054881177\"><i class=\"fa fa-phone\"><\/i>Appeler<\/a>\n<a class=\"btn btn-secondary\" href=\"mailto:info@physiotherapie-berlinmitte.de\"><i class=\"fa fa-envelope\"><\/i>Courrier \u00e9lectronique<\/a>\n<\/p>\n<\/div>\n<\/div>\n\n\n\n<h2 class=\"head1 mb10\">Qu&rsquo;est-ce que le Bobath ?<\/h2>\n\n\n\n<p>Le Bobath est une m\u00e9thode de traitement utilis\u00e9e pour les maladies neurologiques. Cette m\u00e9thode repose sur l&rsquo;hypoth\u00e8se que le cerveau est capable de contr\u00f4ler les mouvements du corps. Les th\u00e9rapeutes Bobath travaillent avec les patients pour les aider \u00e0 retrouver leurs capacit\u00e9s motrices.<\/p>\n\n\n\n<p>La m\u00e9thode a \u00e9t\u00e9 d\u00e9velopp\u00e9e dans les ann\u00e9es 1940 par la physioth\u00e9rapeute britannique Berta Bobath. Depuis, elle a \u00e9t\u00e9 utilis\u00e9e dans le monde entier pour traiter des patients atteints de maladies telles que <strong>l&rsquo;accident vasculaire c\u00e9r\u00e9bral<\/strong>, <strong>la parapl\u00e9gie<\/strong> et la <strong>par\u00e9sie c\u00e9r\u00e9brale<\/strong>.<\/p>\n\n\n\n<p>La th\u00e9rapie Bobath implique une approche personnalis\u00e9e, bas\u00e9e sur les besoins de chaque patient. Les unit\u00e9s de traitement peuvent comprendre, entre autres, <a href=\"https:\/\/www.physiotherapie-berlinmitte.de\/fr\/lanalyse-de-la-demarche-et-lecole-de-la-posture\/\">un<\/a> entra\u00eenement au <a href=\"https:\/\/www.physiotherapie-berlinmitte.de\/fr\/lanalyse-de-la-demarche-et-lecole-de-la-posture\/\">mouvement<\/a>, \u00e0 la posture et \u00e0 l&rsquo;\u00e9quilibre, ainsi que <a href=\"https:\/\/www.physiotherapie-berlinmitte.de\/fr\/therapie-manuelle\/\">des massages<\/a>.<\/p>\n\n\n\n<h2 class=\"head1 mb10\">Comment la th\u00e9rapie Bobath agit-elle sur les patients atteints de maladies neurologiques ?<\/h2>\n\n\n\n<p>Le Bobath est une forme particuli\u00e8re de traitement physioth\u00e9rapeutique qui se concentre sur la restauration des fonctions motrices des patients atteints de maladies neurologiques. L&rsquo;objectif du traitement est de soutenir autant que possible les personnes concern\u00e9es dans leur vie quotidienne et de les aider \u00e0 retrouver leur motricit\u00e9 et leur mobilit\u00e9.<\/p>\n\n\n\n<p>La th\u00e9rapie Bobath est bas\u00e9e sur le concept d&rsquo;int\u00e9gration sensorielle, qui consiste \u00e0 utiliser diff\u00e9rents stimuli sensoriels (comme le toucher, les vibrations et la lumi\u00e8re) pour am\u00e9liorer les fonctions motrices du corps. Le traitement est g\u00e9n\u00e9ralement effectu\u00e9 par un physioth\u00e9rapeute exp\u00e9riment\u00e9 qui conna\u00eet le concept de Bobath.<\/p>\n\n\n\n<p>Le traitement Bobath est effectu\u00e9 dans notre cabinet de physioth\u00e9rapie \u00e0 Berlin-Mitte. La dur\u00e9e du traitement d\u00e9pend des besoins et des objectifs du patient. En g\u00e9n\u00e9ral, le traitement est effectu\u00e9 sur une p\u00e9riode de plusieurs semaines ou mois.<\/p>\n\n\n\n<h2 class=\"head1 mb10\">Quels sont les avantages du Bobath pour les maladies neurologiques ?<\/h2>\n\n\n\n<p>Le Bobath est une m\u00e9thode de traitement physioth\u00e9rapeutique qui a \u00e9t\u00e9 sp\u00e9cialement d\u00e9velopp\u00e9e pour les personnes atteintes de maladies neurologiques, comme <strong>la scl\u00e9rose en plaques<\/strong> et <strong>la maladie de Parkinson<\/strong>. Cependant, les patients qui ont subi un <strong>accident vasculaire c\u00e9r\u00e9bra<\/strong> l ou une <strong>h\u00e9morragie c\u00e9r\u00e9brale<\/strong>, ou qui souffrent de <strong>paralysie<\/strong>, peuvent \u00e9galement \u00eatre trait\u00e9s avec succ\u00e8s par Bobath. Gr\u00e2ce \u00e0 Bobath, les patients peuvent am\u00e9liorer leur motricit\u00e9 et apprendre \u00e0 mieux contr\u00f4ler leur corps. Cela leur permet de reprendre leurs activit\u00e9s quotidiennes et de continuer \u00e0 vivre aussi normalement que possible.<\/p>\n\n\n\n<p>Le Bobath est un traitement tr\u00e8s individuel, adapt\u00e9 aux besoins et aux possibilit\u00e9s de chaque patient. Gr\u00e2ce \u00e0 Bobath, les patients peuvent am\u00e9liorer leur force, leur endurance et leur coordination et, de mani\u00e8re g\u00e9n\u00e9rale, \u00eatre en meilleure forme.<\/p>\n\n\n\n<h2 class=\"head1 mb10\">Quel est l&rsquo;objectif de la th\u00e9rapie ?<\/h2>\n\n\n\n<p>La th\u00e9rapie Bobath est une m\u00e9thode de traitement r\u00e9\u00e9ducative utilis\u00e9e pour les patients atteints de maladies neurologiques. Le but de la th\u00e9rapie est d&rsquo;am\u00e9liorer les fonctions motrices et sensorielles du corps ainsi que de promouvoir la sant\u00e9 g\u00e9n\u00e9rale du patient. Le traitement comprend des exercices visant \u00e0 aider le patient \u00e0 normaliser ses mouvements.<\/p>\n\n\n\n<h2 class=\"head1 mb10\">Comment fonctionne Bobath ?<\/h2>\n\n\n\n<p>La th\u00e9rapie Bobath est une m\u00e9thode de traitement physioth\u00e9rapeutique qui s&rsquo;adresse sp\u00e9cifiquement aux personnes souffrant de maladies neurologiques. Des exercices cibl\u00e9s doivent permettre d&rsquo;am\u00e9liorer la motricit\u00e9, la sensibilit\u00e9 et l&rsquo;\u00e9quilibre des patients. Le traitement est bas\u00e9 sur les connaissances du fonctionnement du syst\u00e8me nerveux central.<\/p>\n\n\n\n<p>Nos physioth\u00e9rapeutes ont \u00e9t\u00e9 sp\u00e9cialement form\u00e9s \u00e0 la th\u00e9rapie Bobath. Les s\u00e9ances ont g\u00e9n\u00e9ralement lieu une \u00e0 deux fois par semaine et durent entre 30 et 60 minutes.<\/p>\n\n\n\n<h2 class=\"head1 mb10\">Quand faut-il pr\u00e9voir des journ\u00e9es d&rsquo;observation ?<\/h2>\n\n\n\n<p>Les journ\u00e9es d&rsquo;observation sont importantes pour suivre la progression de la maladie et adapter le traitement. En r\u00e8gle g\u00e9n\u00e9rale, il convient de pr\u00e9voir des journ\u00e9es d&rsquo;observation tous les 3 \u00e0 6 mois.<\/p>\n\n\n\n<h2 class=\"head1 mb10\">Physioth\u00e9rapie Traitement Bobath pour adultes<\/h2>\n\n\n\n<p>La th\u00e9rapie Bobath consid\u00e8re la personne de mani\u00e8re individuelle et globale. Il n&rsquo;existe donc pas d&rsquo;exercices standardis\u00e9s pour le traitement d&rsquo;une l\u00e9sion du syst\u00e8me nerveux. Comme le syst\u00e8me nerveux a la capacit\u00e9 d&rsquo;apprendre tout au long de la vie, des fonctions peuvent \u00eatre r\u00e9activ\u00e9es ou am\u00e9lior\u00e9es. La th\u00e9rapie peut se faire &#8211; selon la maladie et le patient &#8211; en position debout, assise ou couch\u00e9e. Elle permet d&rsquo;entra\u00eener la perception du corps, de r\u00e9duire les douleurs, de r\u00e9apprendre des capacit\u00e9s motrices perdues et surtout de retrouver l&rsquo;autonomie dans la vie quotidienne.<\/p>\n\n<\/div><\/section>","protected":false},"excerpt":{"rendered":"Th\u00e9rapie Bobath pour adultes en cas de maladies neurologiques La th\u00e9rapie Bobath est une forme sp\u00e9ciale de th\u00e9rapie neurologique chez les adultes. Elle est &#8230; <a title=\"Bobath pour adultes \/ KG Neuro\" class=\"read-more\" href=\"https:\/\/www.physiotherapie-berlinmitte.de\/fr\/bobath-pour-adultes-kg-neuro\/\" aria-label=\"En savoir plus sur Bobath pour adultes \/ KG Neuro\">Lire la suite<\/a>","protected":false},"author":2,"featured_media":0,"parent":0,"menu_order":0,"comment_status":"closed","ping_status":"closed","template":"","meta":{"_seopress_robots_primary_cat":"","_seopress_titles_title":"Th\u00e9rapie Bobath pour adultes %%sep%% %%sitetitle%%","_seopress_titles_desc":"En cas de maladie neurologique, des physioth\u00e9rapeutes sp\u00e9cialement form\u00e9s les aident \u00e0 r\u00e9apprendre et \u00e0 am\u00e9liorer leurs sch\u00e9mas de mouvement et \u00e0 retrouver leur autonomie dans la vie quotidienne.","_seopress_robots_index":"","footnotes":""},"class_list":{"0":"post-16799","1":"page","2":"type-page","3":"status-publish","5":"no-featured-image-padding"},"_links":{"self":[{"href":"https:\/\/www.physiotherapie-berlinmitte.de\/fr\/wp-json\/wp\/v2\/pages\/16799","targetHints":{"allow":["GET"]}}],"collection":[{"href":"https:\/\/www.physiotherapie-berlinmitte.de\/fr\/wp-json\/wp\/v2\/pages"}],"about":[{"href":"https:\/\/www.physiotherapie-berlinmitte.de\/fr\/wp-json\/wp\/v2\/types\/page"}],"author":[{"embeddable":true,"href":"https:\/\/www.physiotherapie-berlinmitte.de\/fr\/wp-json\/wp\/v2\/users\/2"}],"replies":[{"embeddable":true,"href":"https:\/\/www.physiotherapie-berlinmitte.de\/fr\/wp-json\/wp\/v2\/comments?post=16799"}],"version-history":[{"count":0,"href":"https:\/\/www.physiotherapie-berlinmitte.de\/fr\/wp-json\/wp\/v2\/pages\/16799\/revisions"}],"wp:attachment":[{"href":"https:\/\/www.physiotherapie-berlinmitte.de\/fr\/wp-json\/wp\/v2\/media?parent=16799"}],"curies":[{"name":"wp","href":"https:\/\/api.w.org\/{rel}","templated":true}]}}