{"id":16847,"date":"2022-04-03T16:18:55","date_gmt":"2022-04-03T14:18:55","guid":{"rendered":"https:\/\/www.physiotherapie-berlinmitte.de\/massage-aux-pierres-chaudes\/"},"modified":"2022-05-15T13:15:42","modified_gmt":"2022-05-15T11:15:42","slug":"massage-aux-pierres-chaudes","status":"publish","type":"page","link":"https:\/\/www.physiotherapie-berlinmitte.de\/fr\/massage-aux-pierres-chaudes\/","title":{"rendered":"Massage aux pierres chaudes"},"content":{"rendered":"<section class=\"gb-container gb-container-b14e7849\"><div class=\"gb-inside-container\">\n\n<h1 class=\"phead\">Massage aux pierres chaudes<\/h1>\r\n\n\n<div class=\"gb-grid-wrapper gb-grid-wrapper-720de176 mb30\">\n<div class=\"gb-grid-column gb-grid-column-020940a6\"><div class=\"gb-container gb-container-020940a6\"><div class=\"gb-inside-container\">\n\n<figure class=\"wp-block-image size-full limg\"><img decoding=\"async\" width=\"400\" height=\"244\" src=\"https:\/\/www.physiotherapie-berlinmitte.de\/wp-content\/uploads\/2022\/04\/hot-stone-massage.jpg\" alt=\"Massage aux pierres chaudes\" class=\"wp-image-15572\" srcset=\"https:\/\/www.physiotherapie-berlinmitte.de\/wp-content\/uploads\/2022\/04\/hot-stone-massage.jpg 400w, https:\/\/www.physiotherapie-berlinmitte.de\/wp-content\/uploads\/2022\/04\/hot-stone-massage-300x183.jpg 300w\" sizes=\"(max-width: 400px) 100vw, 400px\" \/><\/figure>\n<\/div><\/div><\/div>\n\n<div class=\"gb-grid-column gb-grid-column-e72e1bad\"><div class=\"gb-container gb-container-e72e1bad\"><div class=\"gb-inside-container\">\n\n<p>Les pierres chaudes comme forme de th\u00e9rapie \u2013 le massage aux pierres chaudes est un art de gu\u00e9rison chinois ancien, qui se sp\u00e9cialise dans la gu\u00e9rison des tensions et des douleurs. L\u2019objectif de la th\u00e9rapie est de choyer le corps de mani\u00e8re \u00e0 ce que l\u2019esprit puisse \u00e0 nouveau se d\u00e9velopper librement. <\/p>\n\n\n\n<p>Le massage vise \u00e0 atteindre la perm\u00e9abilit\u00e9 par l\u2019influence de la chaleur, le bien-\u00eatreg\u00e9n\u00e9ral par une meilleure perception du corps et la r\u00e9duction du stress par une concentration sur certaines parties du corps.<\/p>\n\n<\/div><\/div><\/div>\n<\/div>\n\n\n<div class=\"cta-wrapper\">\r\n<div class=\"cta-phone\">\r\n<h3 class=\"head1 center\">Prendre rendez-vous<\/h3>\r\n<p class=\"center\">Massez avec des pierres chaudes pour vous sentir bien et soulager le stress ! Nous vous aidons rapidement et sans complication ! Appelez-nous et prenez rendez-vous \u00e0 court pr\u00e9avis dans notre pratique de physioth\u00e9rapie.<\/p>\r\n<a class=\"btn btn-secondary\" href=\"tel:+493054881177\"><i class=\"fa fa-phone\"><\/i>+49 30 54 88 11 77<\/a>\r\n<\/div>\r\n<\/div>\r\n\n\n\n<p>Avant m\u00eame le d\u00e9but du v\u00e9ritable massage aux pierres chaudes, des pierres de basalte dont la temp\u00e9rature peut atteindre 60 degr\u00e9s sont r\u00e9parties sur le corps afin de cr\u00e9er un r\u00e9chauffement g\u00e9n\u00e9ral de tout le corps et de stimuler le flux lymphatique et le m\u00e9tabolisme. Ensuite, les pierres sont concentr\u00e9es sur des zones sp\u00e9cifiques du dos, des jambes ou du visage pour stimuler les muscles fatigu\u00e9s ou pour d\u00e9tendre les muscles surmen\u00e9s. Avec les pierres chaudes, des parties du corps sont mass\u00e9es de mani\u00e8re cibl\u00e9e, les zones durcies sont d\u00e9tendues en appliquant une pression et les muscles fatigu\u00e9s sont activ\u00e9s par des vibrations ou des tapotements.<\/p>\n\n\n\n<p>Gr\u00e2ce \u00e0 diverses techniques de massage, la chaleur p\u00e9n\u00e8tre \u00e0 travers la peau dans les couches profondes des tissus jusqu\u2019aux muscles. Cela favorise \u00e9galement la flexibilit\u00e9 des tendons et du tissu conjonctif et encourage mobilit\u00e9 des articulations. Le corps satisfait affecte automatiquement la psych\u00e9. Le stress est att\u00e9nu\u00e9, la douleur est soulag\u00e9e et la respiration s\u2019effectue selon des cycles r\u00e9guliers.<\/p>\n\n<\/div><\/section>","protected":false},"excerpt":{"rendered":"Massage aux pierres chaudes Prendre rendez-vous Massez avec des pierres chaudes pour vous sentir bien et soulager le stress ! Nous vous aidons rapidement &#8230; <a title=\"Massage aux pierres chaudes\" class=\"read-more\" href=\"https:\/\/www.physiotherapie-berlinmitte.de\/fr\/massage-aux-pierres-chaudes\/\" aria-label=\"En savoir plus sur Massage aux pierres chaudes\">Lire la suite<\/a>","protected":false},"author":1,"featured_media":0,"parent":0,"menu_order":0,"comment_status":"closed","ping_status":"closed","template":"","meta":{"_seopress_robots_primary_cat":"","_seopress_titles_title":"","_seopress_titles_desc":"","_seopress_robots_index":"","footnotes":""},"class_list":{"0":"post-16847","1":"page","2":"type-page","3":"status-publish","5":"no-featured-image-padding"},"_links":{"self":[{"href":"https:\/\/www.physiotherapie-berlinmitte.de\/fr\/wp-json\/wp\/v2\/pages\/16847","targetHints":{"allow":["GET"]}}],"collection":[{"href":"https:\/\/www.physiotherapie-berlinmitte.de\/fr\/wp-json\/wp\/v2\/pages"}],"about":[{"href":"https:\/\/www.physiotherapie-berlinmitte.de\/fr\/wp-json\/wp\/v2\/types\/page"}],"author":[{"embeddable":true,"href":"https:\/\/www.physiotherapie-berlinmitte.de\/fr\/wp-json\/wp\/v2\/users\/1"}],"replies":[{"embeddable":true,"href":"https:\/\/www.physiotherapie-berlinmitte.de\/fr\/wp-json\/wp\/v2\/comments?post=16847"}],"version-history":[{"count":0,"href":"https:\/\/www.physiotherapie-berlinmitte.de\/fr\/wp-json\/wp\/v2\/pages\/16847\/revisions"}],"wp:attachment":[{"href":"https:\/\/www.physiotherapie-berlinmitte.de\/fr\/wp-json\/wp\/v2\/media?parent=16847"}],"curies":[{"name":"wp","href":"https:\/\/api.w.org\/{rel}","templated":true}]}}