{"id":16853,"date":"2022-04-03T17:59:13","date_gmt":"2022-04-03T15:59:13","guid":{"rendered":"https:\/\/www.physiotherapie-berlinmitte.de\/kinesio-taping\/"},"modified":"2022-12-23T13:18:58","modified_gmt":"2022-12-23T12:18:58","slug":"kinesio-taping","status":"publish","type":"page","link":"https:\/\/www.physiotherapie-berlinmitte.de\/fr\/kinesio-taping\/","title":{"rendered":"Kinesio Taping Berlin"},"content":{"rendered":"<section class=\"gb-container gb-container-ac6e9a85\"><div class=\"gb-inside-container\">\n\n<figure class=\"wp-block-image size-full\"><img decoding=\"async\" width=\"1920\" height=\"600\" src=\"https:\/\/www.physiotherapie-berlinmitte.de\/wp-content\/uploads\/2022\/04\/kinesio-taping-physiotherapie-berlin-mitte-christian-marsch.jpg\" alt=\"Kinesio Taping Physioth&#xE9;rapie Berlin Mitte Christian Marsch\" class=\"wp-image-15730\" srcset=\"https:\/\/www.physiotherapie-berlinmitte.de\/wp-content\/uploads\/2022\/04\/kinesio-taping-physiotherapie-berlin-mitte-christian-marsch.jpg 1920w, https:\/\/www.physiotherapie-berlinmitte.de\/wp-content\/uploads\/2022\/04\/kinesio-taping-physiotherapie-berlin-mitte-christian-marsch-300x94.jpg 300w, https:\/\/www.physiotherapie-berlinmitte.de\/wp-content\/uploads\/2022\/04\/kinesio-taping-physiotherapie-berlin-mitte-christian-marsch-1024x320.jpg 1024w, https:\/\/www.physiotherapie-berlinmitte.de\/wp-content\/uploads\/2022\/04\/kinesio-taping-physiotherapie-berlin-mitte-christian-marsch-768x240.jpg 768w, https:\/\/www.physiotherapie-berlinmitte.de\/wp-content\/uploads\/2022\/04\/kinesio-taping-physiotherapie-berlin-mitte-christian-marsch-1536x480.jpg 1536w\" sizes=\"(max-width: 1920px) 100vw, 1920px\" \/><\/figure>\n\n\n<h1 class=\"head1 mt30\">Traitement professionnel par Kinesio Taping dans le cabinet de physioth\u00e9rapie de Berlin-Mitte<\/h1>\n<div class=\"sub-head\">R\u00e9duisez la douleur, am\u00e9liorez le fonctionnement de vos articulations, pr\u00e9venez l&rsquo;arthrite et soulagez les tensions musculaires.<\/div>\n\n\n\n<p>Si vous avez entendu dire que cette m\u00e9thode est tr\u00e8s efficace <strong>contre les douleurs<\/strong>, vous avez certainement d\u00e9j\u00e0 vu ces bandes de sparadrap color\u00e9es. Le <strong>Kinesio Taping<\/strong> est une m\u00e9thode reconnue pour le traitement des blessures ; d\u00e9velopp\u00e9e \u00e0 l&rsquo;origine au Japon, elle est maintenant largement utilis\u00e9e dans le monde entier. Le champ d&rsquo;application est large : du soulagement de la douleur \u00e0 l&rsquo;am\u00e9lioration de la fonction articulaire, en passant par le d\u00e9passement des tensions et des gonflements.<\/p>\n\n\n\n<p>Le Kinesio Taping est \u00e9galement utilis\u00e9 dans notre cabinet de Berlin-Mitte pour tous les troubles mentionn\u00e9s ici. La tension correspondante des bandes adh\u00e9sives d\u00e9pend de l&rsquo;objectif de gu\u00e9rison pr\u00e9vu. Les bandes adh\u00e9sives, qui sont en coton, sont \u00e9lastiques, respirantes et tr\u00e8s adapt\u00e9es pour coller \u00e0 la peau. La plupart du temps, les patients de notre cabinet ne remarquent m\u00eame plus la pr\u00e9sence de ces rubans color\u00e9s un peu plus tard.<\/p>\n\n\n\n<div class=\"cta-wrapper\">\n<div class=\"cta-phone\">\n<h3 class=\"head1 center\">Prenez rendez-vous<\/h3>\n<p class=\"center\">Le Kinesio Taping permet d&rsquo;influencer positivement les \u00e9tats de tension de la musculature et des tissus et de soulager les douleurs. Contactez-nous et prenez rendez-vous dans notre cabinet.<\/p>\n<p class=\"btn-set\">\n<a class=\"btn btn-secondary\" href=\"tel:+493054881177\"><i class=\"fa fa-phone\"><\/i>Appeler<\/a>\n<a class=\"btn btn-secondary\" href=\"mailto:info@physiotherapie-berlinmitte.de\"><i class=\"fa fa-envelope\"><\/i>Courrier \u00e9lectronique<\/a>\n<\/p>\n<\/div>\n<\/div>\n\n\n\n<h2 class=\"head1 mb10\">Si vous souhaitez soulager des douleurs, des fonctions de vos articulations et des tensions musculaires, cette m\u00e9thode est g\u00e9n\u00e9ralement la th\u00e9rapie qui vous convient.<\/h2>\n\n\n\n<p>Dans le domaine du sport de comp\u00e9tition, on voit souvent les tapes color\u00e9es : coll\u00e9es sur les parties du dos, les \u00e9paules, la nuque ou les chevilles. G\u00e9n\u00e9ralement de couleur bleue. Dans le Kinesio Taping, certains comportements sont simul\u00e9s en fonction de la couleur. Ainsi, la tension d&rsquo;un muscle doit \u00eatre r\u00e9duite par un tape bleu et stimul\u00e9e par un tape rouge. Bien que ces domaines d&rsquo;action soient plut\u00f4t de nature psychologique, nous utilisons \u00e9galement le kinesio taping dans notre cabinet pour augmenter la circulation sanguine dans les muscles.<\/p>\n\n\n\n<p>Les capteurs de douleur de notre peau se trouvent au milieu des deux premi\u00e8res couches de la peau, c&rsquo;est-\u00e0-dire dans la partie externe (\u00e9piderme et derme). Nous utilisons ce d\u00e9faut en appliquant le Kinesio Taping pour notre cabinet berlinois : le tape pousse la premi\u00e8re couche de la peau, ce qui d\u00e9tend les capteurs de douleur et permet \u00e0 plus de sang d&rsquo;atteindre la deuxi\u00e8me couche de la peau. Cela renforce votre corps &#8211; sans m\u00e9dicaments pour vous <a href=\"https:\/\/www.physiotherapie-berlinmitte.de\/fr\/traitement-medical\/\" data-type=\"page\" data-id=\"32\">lib\u00e9rer de la douleur<\/a>.<\/p>\n\n\n\n<h2 class=\"head1 mb10\">Kinesio Tape peut \u00eatre une partie importante de notre physioth\u00e9rapie sportive \u00e0 Berlin.<\/h2>\n\n\n\n<p>Le Kinesio Tape occupe une place particuli\u00e8re dans notre service de physioth\u00e9rapie du sport \u00e0 Berlin-Mitte. Le Sport-Tape ne favorise pas seulement la musculature. Il contribue \u00e9galement \u00e0 soutenir le traitement des blessures. De plus, il stabilise certaines r\u00e9gions du corps afin de pr\u00e9venir efficacement les risques de blessures dues \u00e0 des luxations ou \u00e0 des fractures. Les bandes avec patch aident \u00e0 stimuler la circulation sanguine, les fluides lymphatiques et le m\u00e9tabolisme.<\/p>\n\n\n\n<p>Comme le montrent son \u00e9lasticit\u00e9 et ses propri\u00e9t\u00e9s respirantes, le kinesiotape peut \u00eatre port\u00e9 pendant plusieurs jours. Il peut \u00e9galement \u00eatre utilis\u00e9 sans probl\u00e8me sous la douche ou lors de la natation. En soulevant la premi\u00e8re couche de peau, l\u00e0 o\u00f9 se trouvent les capteurs de douleur, le Sporttape permet de soulager cette couche. Outre la gu\u00e9rison des tissus et des muscles, une meilleure circulation sanguine favorise \u00e9galement vos performances. Dans notre cabinet de kin\u00e9sith\u00e9rapie berlinois, vous recevez un traitement professionnel de kin\u00e9siotaping pour d\u00e9clarer la guerre \u00e0 vos douleurs musculaires, fasciales ou tendineuses. De plus, la stimulation cibl\u00e9e des r\u00e9cepteurs permet d&rsquo;am\u00e9liorer vos performances.<\/p>\n\n<\/div><\/section>","protected":false},"excerpt":{"rendered":"Traitement professionnel par Kinesio Taping dans le cabinet de physioth\u00e9rapie de Berlin-Mitte R\u00e9duisez la douleur, am\u00e9liorez le fonctionnement de vos articulations, pr\u00e9venez l&rsquo;arthrite et &#8230; <a title=\"Kinesio Taping Berlin\" class=\"read-more\" href=\"https:\/\/www.physiotherapie-berlinmitte.de\/fr\/kinesio-taping\/\" aria-label=\"En savoir plus sur Kinesio Taping Berlin\">Lire la suite<\/a>","protected":false},"author":1,"featured_media":0,"parent":0,"menu_order":0,"comment_status":"closed","ping_status":"closed","template":"","meta":{"_seopress_robots_primary_cat":"","_seopress_titles_title":"Kinesio Taping Berlin-Mitte contre les tensions musculaires %%sep%% %%sitetitle%%","_seopress_titles_desc":"R\u00e9duisez la douleur, am\u00e9liorez le fonctionnement de vos articulations, pr\u00e9venez l'arthrite et soulagez les tensions musculaires. Prenez rendez-vous au +493054881177","_seopress_robots_index":"","_seopress_analysis_target_kw":"","footnotes":""},"class_list":{"0":"post-16853","1":"page","2":"type-page","3":"status-publish","5":"no-featured-image-padding"},"_links":{"self":[{"href":"https:\/\/www.physiotherapie-berlinmitte.de\/fr\/wp-json\/wp\/v2\/pages\/16853","targetHints":{"allow":["GET"]}}],"collection":[{"href":"https:\/\/www.physiotherapie-berlinmitte.de\/fr\/wp-json\/wp\/v2\/pages"}],"about":[{"href":"https:\/\/www.physiotherapie-berlinmitte.de\/fr\/wp-json\/wp\/v2\/types\/page"}],"author":[{"embeddable":true,"href":"https:\/\/www.physiotherapie-berlinmitte.de\/fr\/wp-json\/wp\/v2\/users\/1"}],"replies":[{"embeddable":true,"href":"https:\/\/www.physiotherapie-berlinmitte.de\/fr\/wp-json\/wp\/v2\/comments?post=16853"}],"version-history":[{"count":0,"href":"https:\/\/www.physiotherapie-berlinmitte.de\/fr\/wp-json\/wp\/v2\/pages\/16853\/revisions"}],"wp:attachment":[{"href":"https:\/\/www.physiotherapie-berlinmitte.de\/fr\/wp-json\/wp\/v2\/media?parent=16853"}],"curies":[{"name":"wp","href":"https:\/\/api.w.org\/{rel}","templated":true}]}}