{"id":16865,"date":"2022-04-03T18:13:41","date_gmt":"2022-04-03T16:13:41","guid":{"rendered":"https:\/\/www.physiotherapie-berlinmitte.de\/kinesitherapie-berlin\/"},"modified":"2022-05-15T13:56:38","modified_gmt":"2022-05-15T11:56:38","slug":"kinesitherapie-berlin","status":"publish","type":"page","link":"https:\/\/www.physiotherapie-berlinmitte.de\/fr\/kinesitherapie-berlin\/","title":{"rendered":"Kin\u00e9sith\u00e9rapie Berlin"},"content":{"rendered":"<section class=\"gb-container gb-container-33239eaa\"><div class=\"gb-inside-container\">\n\n<figure class=\"wp-block-image size-full\"><img decoding=\"async\" width=\"1920\" height=\"600\" src=\"https:\/\/www.physiotherapie-berlinmitte.de\/wp-content\/uploads\/2022\/04\/krankengymnastik-kopfschmerzen-nackenschmerzen-rueckenschmerzen-physiotherapie-berlin-mitte-christian-marsch.jpg\" alt=\"Kin&#xE9;sith&#xE9;rapie Berlin\" class=\"wp-image-15752\" srcset=\"https:\/\/www.physiotherapie-berlinmitte.de\/wp-content\/uploads\/2022\/04\/krankengymnastik-kopfschmerzen-nackenschmerzen-rueckenschmerzen-physiotherapie-berlin-mitte-christian-marsch.jpg 1920w, https:\/\/www.physiotherapie-berlinmitte.de\/wp-content\/uploads\/2022\/04\/krankengymnastik-kopfschmerzen-nackenschmerzen-rueckenschmerzen-physiotherapie-berlin-mitte-christian-marsch-300x94.jpg 300w, https:\/\/www.physiotherapie-berlinmitte.de\/wp-content\/uploads\/2022\/04\/krankengymnastik-kopfschmerzen-nackenschmerzen-rueckenschmerzen-physiotherapie-berlin-mitte-christian-marsch-1024x320.jpg 1024w, https:\/\/www.physiotherapie-berlinmitte.de\/wp-content\/uploads\/2022\/04\/krankengymnastik-kopfschmerzen-nackenschmerzen-rueckenschmerzen-physiotherapie-berlin-mitte-christian-marsch-768x240.jpg 768w, https:\/\/www.physiotherapie-berlinmitte.de\/wp-content\/uploads\/2022\/04\/krankengymnastik-kopfschmerzen-nackenschmerzen-rueckenschmerzen-physiotherapie-berlin-mitte-christian-marsch-1536x480.jpg 1536w\" sizes=\"(max-width: 1920px) 100vw, 1920px\" \/><\/figure>\n\n\n<h1 class=\"phead\">Gymnastique th\u00e9rapeutique en cas de maux de dos, de t\u00eate et de nuque<\/h1>\r\n\n\n\n<p>Dans notre cabinet de kin\u00e9sith\u00e9rapie \u00e0 Berlin, nous vous proposons des soins complets, toujours selon notre principe : \u00ab\u00a0Nous ne traitons pas le sympt\u00f4me, nous traitons la cause\u00a0\u00bb. Suivant ce principe, nous proposons \u00e0 nos patients toute la gamme des formes de th\u00e9rapies actives et passives, par exemple l&rsquo;ost\u00e9opathie ici \u00e0 Berlin. Au c\u0153ur de la m\u00e9thodologie de la kin\u00e9sith\u00e9rapie se trouve souvent l&rsquo;accompagnement pendant le traitement des maladies : L&rsquo;objectif est d&rsquo;optimiser le fonctionnement du corps et de compenser les d\u00e9ficits de mobilit\u00e9.<\/p>\n\n\n\n<p>Le point de d\u00e9part pour le choix de la forme de traitement est le tableau clinique individuel du patient. D&rsquo;une mani\u00e8re g\u00e9n\u00e9rale, la kin\u00e9sith\u00e9rapie &#8211; comme dans notre cabinet de Berlin-Mitte &#8211; traite principalement les troubles de la posture et de l&rsquo;appareil locomoteur.<\/p>\n\n\n\n<p>Des exercices physiques cibl\u00e9s permettent de soutenir la mobilit\u00e9 de certaines r\u00e9gions du corps. De plus, des mouvements sp\u00e9cifiques permettent de renforcer les muscles affaiblis. Les exercices de relaxation constituent d&rsquo;autres domaines de la kin\u00e9sith\u00e9rapie dans notre cabinet berlinois. Ils aident \u00e0 soulager les douleurs musculaires. M\u00eame en cas de maladies des voies respiratoires, la kin\u00e9sith\u00e9rapie peut avoir un effet de soutien gr\u00e2ce \u00e0 des exercices de respiration cibl\u00e9s.<\/p>\n\n\n\n<p>En outre, la kin\u00e9sith\u00e9rapie convient \u00e0 l&rsquo;accompagnement de la grossesse. La kin\u00e9sith\u00e9rapie est \u00e9galement utile pour soutenir la fonction cardio-pulmonaire. Enfin, nous vous recommandons de vous rendre dans notre cabinet de Berlin-Mitte si vous souffrez de tensions dans le dos, la nuque et les \u00e9paules, car la position assise rigide au bureau et les mauvaises postures en sont souvent la cause. La kin\u00e9sith\u00e9rapie vous aide \u00e0 vous soulager gr\u00e2ce \u00e0 des exercices simples.<\/p>\n\n\n\n<p>Les blessures dues au sport ou \u00e0 un accident peuvent \u00e9galement \u00eatre trait\u00e9es efficacement par une kin\u00e9sith\u00e9rapie cibl\u00e9e.<\/p>\n\n\n\n<div class=\"cta-wrapper\">\r\n<div class=\"cta-phone\">\r\n<h3 class=\"head1 center\">Prenez rendez-vous<\/h3>\r\n<p class=\"center\">L&rsquo;objectif de la kin\u00e9sith\u00e9rapie est d&rsquo;am\u00e9liorer la capacit\u00e9 de mouvement et de fonctionnement du corps, par exemple lors de la pratique d&rsquo;un sport ou pendant la grossesse.<\/p>\r\n<a class=\"btn btn-secondary\" href=\"tel:+493054881177\"><i class=\"fa fa-phone\"><\/i>+49 30 54 88 11 77<\/a>\r\n<\/div>\r\n<\/div>\r\n\n\n\n<h2 class=\"head1 mb10\">Pas de douleurs gr\u00e2ce \u00e0 une kin\u00e9sith\u00e9rapie cibl\u00e9e dans votre cabinet \u00e0 Berlin<\/h2>\r\n\n\n\n<p>Un traitement dans notre cabinet a toujours pour objectif de vous permettre de vivre \u00e0 long terme sans douleurs ni restrictions. Pour ce faire, votre plan th\u00e9rapeutique individuel est \u00e9tabli lors du traitement dans le cadre de votre kin\u00e9sith\u00e9rapie. Les exercices physiques que vous effectuez dans notre cabinet berlinois sont toujours adapt\u00e9s de mani\u00e8re cibl\u00e9e \u00e0 la partie du corps concern\u00e9e.<\/p>\n\n\n\n<p>Gr\u00e2ce au d\u00e9veloppement de votre musculature et \u00e0 l&rsquo;am\u00e9lioration de la mobilit\u00e9 articulaire, votre kin\u00e9sith\u00e9rapie a une influence positive sur l&rsquo;ensemble de votre appareil locomoteur. Outre votre sant\u00e9 physique, cela a \u00e9galement un effet positif sur votre \u00e9tat d&rsquo;esprit.<\/p>\n\n\n\n<p>La m\u00e9thodologie de la kin\u00e9sith\u00e9rapie suit un principe holistique : l&rsquo;interaction mutuelle entre la perception du corps, la confiance en soi et l&rsquo;estime de soi, et leur optimisation, assure en somme une am\u00e9lioration durable du sentiment de vie.<\/p>\n\n<\/div><\/section>","protected":false},"excerpt":{"rendered":"Gymnastique th\u00e9rapeutique en cas de maux de dos, de t\u00eate et de nuque Dans notre cabinet de kin\u00e9sith\u00e9rapie \u00e0 Berlin, nous vous proposons des &#8230; <a title=\"Kin\u00e9sith\u00e9rapie Berlin\" class=\"read-more\" href=\"https:\/\/www.physiotherapie-berlinmitte.de\/fr\/kinesitherapie-berlin\/\" aria-label=\"En savoir plus sur Kin\u00e9sith\u00e9rapie Berlin\">Lire la suite<\/a>","protected":false},"author":1,"featured_media":0,"parent":0,"menu_order":0,"comment_status":"closed","ping_status":"closed","template":"","meta":{"_seopress_robots_primary_cat":"","_seopress_titles_title":"","_seopress_titles_desc":"","_seopress_robots_index":"","footnotes":""},"class_list":{"0":"post-16865","1":"page","2":"type-page","3":"status-publish","5":"no-featured-image-padding"},"_links":{"self":[{"href":"https:\/\/www.physiotherapie-berlinmitte.de\/fr\/wp-json\/wp\/v2\/pages\/16865","targetHints":{"allow":["GET"]}}],"collection":[{"href":"https:\/\/www.physiotherapie-berlinmitte.de\/fr\/wp-json\/wp\/v2\/pages"}],"about":[{"href":"https:\/\/www.physiotherapie-berlinmitte.de\/fr\/wp-json\/wp\/v2\/types\/page"}],"author":[{"embeddable":true,"href":"https:\/\/www.physiotherapie-berlinmitte.de\/fr\/wp-json\/wp\/v2\/users\/1"}],"replies":[{"embeddable":true,"href":"https:\/\/www.physiotherapie-berlinmitte.de\/fr\/wp-json\/wp\/v2\/comments?post=16865"}],"version-history":[{"count":0,"href":"https:\/\/www.physiotherapie-berlinmitte.de\/fr\/wp-json\/wp\/v2\/pages\/16865\/revisions"}],"wp:attachment":[{"href":"https:\/\/www.physiotherapie-berlinmitte.de\/fr\/wp-json\/wp\/v2\/media?parent=16865"}],"curies":[{"name":"wp","href":"https:\/\/api.w.org\/{rel}","templated":true}]}}