{"id":16883,"date":"2022-04-12T19:54:05","date_gmt":"2022-04-12T17:54:05","guid":{"rendered":"https:\/\/www.physiotherapie-berlinmitte.de\/le-fil-dentaire-medical\/"},"modified":"2022-05-15T14:54:41","modified_gmt":"2022-05-15T12:54:41","slug":"le-fil-dentaire-medical","status":"publish","type":"page","link":"https:\/\/www.physiotherapie-berlinmitte.de\/fr\/le-fil-dentaire-medical\/","title":{"rendered":"Le fil dentaire m\u00e9dical"},"content":{"rendered":"<section class=\"gb-container gb-container-3d0e5e03\"><div class=\"gb-inside-container\">\n\n<figure class=\"wp-block-image size-full\"><img decoding=\"async\" width=\"1920\" height=\"600\" src=\"https:\/\/www.physiotherapie-berlinmitte.de\/wp-content\/uploads\/2022\/04\/medical-flossing.jpg\" alt=\"Fil dentaire m&#xE9;dical Berlin Mitte\" class=\"wp-image-16300\" srcset=\"https:\/\/www.physiotherapie-berlinmitte.de\/wp-content\/uploads\/2022\/04\/medical-flossing.jpg 1920w, https:\/\/www.physiotherapie-berlinmitte.de\/wp-content\/uploads\/2022\/04\/medical-flossing-300x94.jpg 300w, https:\/\/www.physiotherapie-berlinmitte.de\/wp-content\/uploads\/2022\/04\/medical-flossing-1024x320.jpg 1024w, https:\/\/www.physiotherapie-berlinmitte.de\/wp-content\/uploads\/2022\/04\/medical-flossing-768x240.jpg 768w, https:\/\/www.physiotherapie-berlinmitte.de\/wp-content\/uploads\/2022\/04\/medical-flossing-1536x480.jpg 1536w\" sizes=\"(max-width: 1920px) 100vw, 1920px\" \/><\/figure>\n\n\n<h1 class=\"head1 mt30\">Fil dentaire m\u00e9dical Berlin Mitte<\/h1>\r\n<div class=\"sub-head\">restaurer la mobilit\u00e9 des muscles endurcis<\/div>\r\n\n\n\n<p>Mobilit\u00e9 et absence de douleur gr\u00e2ce \u00e0 la ligature \u2013 tel est l\u2019objectif du fil dentaire m\u00e9dical. Avec cette nouvelle forme de th\u00e9rapie venue des \u00c9tats-Unis, des \u00e9lastiques sont utilis\u00e9s pour attacher les tissus de mani\u00e8re cibl\u00e9e. En enroulant \u00e9troitement les \u00e9lastiques autour des articulations, des muscles ou des fascias, la circulation du sang et du liquide lymphatique est interrompue aux points respectifs. De l\u2019ext\u00e9rieur, une pression est appliqu\u00e9e simultan\u00e9ment \u00e0 toutes les couches de la zone \u00e9trangl\u00e9e. Les zones ligatur\u00e9es sont ensuite d\u00e9plac\u00e9es activement, c\u2019est-\u00e0-dire par le patient lui-m\u00eame ou passivement, avec l\u2019aide du th\u00e9rapeute, et ainsi mobilis\u00e9es. Les \u00e9lastiques se rel\u00e2chent apr\u00e8s 1 \u00e0 3 minutes : la congestion du liquide est lib\u00e9r\u00e9e et le tissu est travers\u00e9, ce qui stimule intensivement le flux lymphatique et la circulation sanguine.<\/p>\n\n\n\n<div class=\"cta-wrapper\">\r\n<div class=\"cta-phone\">\r\n<h3 class=\"head1 center\">Prendre rendez-vous<\/h3>\r\n<p class=\"center\">Soulager la douleur avec la th\u00e9rapie du fil dentaire ? Nous aidons rapidement et facilement! Appelez-nous et prenez rendez-vous \u00e0 court pr\u00e9avis dans notre pratique de physioth\u00e9rapie.<\/p>\r\n<a class=\"btn btn-secondary\" href=\"tel:+493054881177\"><i class=\"fa fa-phone\"><\/i>+49 30 54 88 11 77<\/a>\r\n<\/div>\r\n<\/div>\r\n\n\n\n<h2 class=\"head1 mb10\">Th\u00e9rapie m\u00e9dicale au fil dentaire pour les entorses et les foulures<\/h2>\r\n\n\n\n<p>L\u2019utilisation du fil dentaire se concentre sur les fascias. Des mouvements incorrects, des signes de vieillissement, des blessures ou un manque d\u2019exercice entra\u00eenent souvent des adh\u00e9rences ou des cicatrices du fascia. C\u2019est souvent la cause de la restriction des mouvements et de la douleur. La combinaison de la pression et du mouvement stimule le fluide dans les fascias et d\u00e9tache les adh\u00e9rences. La mobilit\u00e9 des articulations est restaur\u00e9e et la douleur et le gonflement sont consid\u00e9rablement r\u00e9duits.<\/p>\n\n\n\n<p>Les patients d\u00e9crivent le fil dentaire comme une sensation lib\u00e9ratrice : une mobilit\u00e9 accrue et une r\u00e9duction de la douleur gr\u00e2ce \u00e0 une technique de compression manuelle qui a un effet imm\u00e9diat.<\/p>\n\n<\/div><\/section>","protected":false},"excerpt":{"rendered":"Fil dentaire m\u00e9dical Berlin Mitte restaurer la mobilit\u00e9 des muscles endurcis Mobilit\u00e9 et absence de douleur gr\u00e2ce \u00e0 la ligature \u2013 tel est l\u2019objectif &#8230; <a title=\"Le fil dentaire m\u00e9dical\" class=\"read-more\" href=\"https:\/\/www.physiotherapie-berlinmitte.de\/fr\/le-fil-dentaire-medical\/\" aria-label=\"En savoir plus sur Le fil dentaire m\u00e9dical\">Lire la suite<\/a>","protected":false},"author":1,"featured_media":0,"parent":0,"menu_order":0,"comment_status":"closed","ping_status":"closed","template":"","meta":{"_seopress_robots_primary_cat":"","_seopress_titles_title":"","_seopress_titles_desc":"","_seopress_robots_index":"","footnotes":""},"class_list":{"0":"post-16883","1":"page","2":"type-page","3":"status-publish","5":"no-featured-image-padding"},"_links":{"self":[{"href":"https:\/\/www.physiotherapie-berlinmitte.de\/fr\/wp-json\/wp\/v2\/pages\/16883","targetHints":{"allow":["GET"]}}],"collection":[{"href":"https:\/\/www.physiotherapie-berlinmitte.de\/fr\/wp-json\/wp\/v2\/pages"}],"about":[{"href":"https:\/\/www.physiotherapie-berlinmitte.de\/fr\/wp-json\/wp\/v2\/types\/page"}],"author":[{"embeddable":true,"href":"https:\/\/www.physiotherapie-berlinmitte.de\/fr\/wp-json\/wp\/v2\/users\/1"}],"replies":[{"embeddable":true,"href":"https:\/\/www.physiotherapie-berlinmitte.de\/fr\/wp-json\/wp\/v2\/comments?post=16883"}],"version-history":[{"count":0,"href":"https:\/\/www.physiotherapie-berlinmitte.de\/fr\/wp-json\/wp\/v2\/pages\/16883\/revisions"}],"wp:attachment":[{"href":"https:\/\/www.physiotherapie-berlinmitte.de\/fr\/wp-json\/wp\/v2\/media?parent=16883"}],"curies":[{"name":"wp","href":"https:\/\/api.w.org\/{rel}","templated":true}]}}