{"id":16901,"date":"2022-04-12T19:28:02","date_gmt":"2022-04-12T17:28:02","guid":{"rendered":"https:\/\/www.physiotherapie-berlinmitte.de\/massage-sportif\/"},"modified":"2022-05-15T15:38:09","modified_gmt":"2022-05-15T13:38:09","slug":"massage-sportif","status":"publish","type":"page","link":"https:\/\/www.physiotherapie-berlinmitte.de\/fr\/massage-sportif\/","title":{"rendered":"Massage sportif"},"content":{"rendered":"<section class=\"gb-container gb-container-6b0289d2\"><div class=\"gb-inside-container\">\n\n<figure class=\"wp-block-image size-full\"><img decoding=\"async\" width=\"1920\" height=\"600\" src=\"https:\/\/www.physiotherapie-berlinmitte.de\/wp-content\/uploads\/2022\/04\/sportler-massage-1.jpg\" alt=\"Massage sportif\" class=\"wp-image-16287\" srcset=\"https:\/\/www.physiotherapie-berlinmitte.de\/wp-content\/uploads\/2022\/04\/sportler-massage-1.jpg 1920w, https:\/\/www.physiotherapie-berlinmitte.de\/wp-content\/uploads\/2022\/04\/sportler-massage-1-300x94.jpg 300w, https:\/\/www.physiotherapie-berlinmitte.de\/wp-content\/uploads\/2022\/04\/sportler-massage-1-1024x320.jpg 1024w, https:\/\/www.physiotherapie-berlinmitte.de\/wp-content\/uploads\/2022\/04\/sportler-massage-1-768x240.jpg 768w, https:\/\/www.physiotherapie-berlinmitte.de\/wp-content\/uploads\/2022\/04\/sportler-massage-1-1536x480.jpg 1536w\" sizes=\"(max-width: 1920px) 100vw, 1920px\" \/><\/figure>\n\n\n<h1 class=\"head1 mt30\">Massage sportif Berlin Mitte<\/h1>\r\n<div class=\"sub-head\">Compl\u00e9ment au massage classique pour les sportifs<\/div>\r\n\n\n\n<p>Les massages remontent \u00e0 une tradition et \u00e0 un art de gu\u00e9rir mill\u00e9naires. Des techniques manuelles permettent de stimuler l&rsquo;irrigation sanguine de la peau, du tissu conjonctif, des muscles et des tendons.<\/p>\n\n\n\n<p>Les massages pour sportifs s&rsquo;adressent aux sportifs dont le corps est particuli\u00e8rement sollicit\u00e9 et mis \u00e0 l&rsquo;\u00e9preuve. Bien que les activit\u00e9s sportives r\u00e9guli\u00e8res soient g\u00e9n\u00e9ralement consid\u00e9r\u00e9es comme saines, qu&rsquo;elles favorisent la forme physique g\u00e9n\u00e9rale et qu&rsquo;elles permettent au corps de rester vigoureux, les \u00e9longations, les surcharges ou les douleurs au niveau des articulations peuvent mettre le corps \u00e0 rude \u00e9preuve.<\/p>\n\n\n\n<div class=\"cta-wrapper\">\r\n<div class=\"cta-phone\">\r\n<h3 class=\"head1 center\">Prendre rendez-vous<\/h3>\r\n<p class=\"center\">Vous avez une entorse ou une entorse ? Nous vous aidons rapidement et sans complication ! Appelez-nous et prenez rendez-vous \u00e0 court pr\u00e9avis dans notre pratique de physioth\u00e9rapie.<\/p>\r\n<a class=\"btn btn-secondary\" href=\"tel:+493054881177\"><i class=\"fa fa-phone\"><\/i>+49 30 54 88 11 77<\/a>\r\n<\/div>\r\n<\/div>\r\n\n\n\n<p>Le massage pour sportifs comprend des techniques sp\u00e9ciales de pr\u00e9hension, de pression, de p\u00e9trissage ou de tapotement qui visent \u00e0 pr\u00e9venir ou \u00e0 att\u00e9nuer les distorsions musculaires , les douleurs articulaires, les inflammations ou les blocages. Cela pr\u00e9suppose un examen de base au cours duquel les tissus sont examin\u00e9s avec les mains afin de d\u00e9celer les modifications et les tensions.<\/p>\n\n\n\n<p>Pendant le massage, certaines prot\u00e9ines responsables de la r\u00e9cup\u00e9ration des muscles sont lib\u00e9r\u00e9es et la formation de substances inflammatoires est r\u00e9duite. La performance du sportif est avant tout li\u00e9e \u00e0 son \u00e9tat physique et psychique. Une performance et une concentration maximales ne sont possibles que si le corps est d\u00e9tendu et que l&rsquo;appareil locomoteur est exempt de douleurs.<\/p>\n\n<\/div><\/section>","protected":false},"excerpt":{"rendered":"Massage sportif Berlin Mitte Compl\u00e9ment au massage classique pour les sportifs Les massages remontent \u00e0 une tradition et \u00e0 un art de gu\u00e9rir mill\u00e9naires. &#8230; <a title=\"Massage sportif\" class=\"read-more\" href=\"https:\/\/www.physiotherapie-berlinmitte.de\/fr\/massage-sportif\/\" aria-label=\"En savoir plus sur Massage sportif\">Lire la suite<\/a>","protected":false},"author":1,"featured_media":0,"parent":0,"menu_order":0,"comment_status":"closed","ping_status":"closed","template":"","meta":{"_seopress_robots_primary_cat":"","_seopress_titles_title":"","_seopress_titles_desc":"","_seopress_robots_index":"","footnotes":""},"class_list":{"0":"post-16901","1":"page","2":"type-page","3":"status-publish","5":"no-featured-image-padding"},"_links":{"self":[{"href":"https:\/\/www.physiotherapie-berlinmitte.de\/fr\/wp-json\/wp\/v2\/pages\/16901","targetHints":{"allow":["GET"]}}],"collection":[{"href":"https:\/\/www.physiotherapie-berlinmitte.de\/fr\/wp-json\/wp\/v2\/pages"}],"about":[{"href":"https:\/\/www.physiotherapie-berlinmitte.de\/fr\/wp-json\/wp\/v2\/types\/page"}],"author":[{"embeddable":true,"href":"https:\/\/www.physiotherapie-berlinmitte.de\/fr\/wp-json\/wp\/v2\/users\/1"}],"replies":[{"embeddable":true,"href":"https:\/\/www.physiotherapie-berlinmitte.de\/fr\/wp-json\/wp\/v2\/comments?post=16901"}],"version-history":[{"count":0,"href":"https:\/\/www.physiotherapie-berlinmitte.de\/fr\/wp-json\/wp\/v2\/pages\/16901\/revisions"}],"wp:attachment":[{"href":"https:\/\/www.physiotherapie-berlinmitte.de\/fr\/wp-json\/wp\/v2\/media?parent=16901"}],"curies":[{"name":"wp","href":"https:\/\/api.w.org\/{rel}","templated":true}]}}