{"id":16907,"date":"2022-04-12T19:08:24","date_gmt":"2022-04-12T17:08:24","guid":{"rendered":"https:\/\/www.physiotherapie-berlinmitte.de\/physiotherapie-du-sport\/"},"modified":"2022-05-15T15:45:54","modified_gmt":"2022-05-15T13:45:54","slug":"physiotherapie-du-sport","status":"publish","type":"page","link":"https:\/\/www.physiotherapie-berlinmitte.de\/fr\/physiotherapie-du-sport\/","title":{"rendered":"Physioth\u00e9rapie du sport"},"content":{"rendered":"<section class=\"gb-container gb-container-977d2f3d\"><div class=\"gb-inside-container\">\n\n<figure class=\"wp-block-image size-full is-resized\"><img decoding=\"async\" src=\"https:\/\/www.physiotherapie-berlinmitte.de\/wp-content\/uploads\/2022\/04\/sport-physiotherapie.jpg\" alt=\"Physioth&#xE9;rapie du sport\" class=\"wp-image-16263\" width=\"1200\" height=\"375\" srcset=\"https:\/\/www.physiotherapie-berlinmitte.de\/wp-content\/uploads\/2022\/04\/sport-physiotherapie.jpg 1920w, https:\/\/www.physiotherapie-berlinmitte.de\/wp-content\/uploads\/2022\/04\/sport-physiotherapie-300x94.jpg 300w, https:\/\/www.physiotherapie-berlinmitte.de\/wp-content\/uploads\/2022\/04\/sport-physiotherapie-1024x320.jpg 1024w, https:\/\/www.physiotherapie-berlinmitte.de\/wp-content\/uploads\/2022\/04\/sport-physiotherapie-768x240.jpg 768w, https:\/\/www.physiotherapie-berlinmitte.de\/wp-content\/uploads\/2022\/04\/sport-physiotherapie-1536x480.jpg 1536w\" sizes=\"(max-width: 1200px) 100vw, 1200px\" \/><\/figure>\n\n\n<h1 class=\"head1 mt30\">Kin\u00e9sith\u00e9rapie du sport \u00e0 Berlin Mitte<\/h1>\r\n<div class=\"sub-head\">Gymnastique th\u00e9rapeutique sp\u00e9cifique au sport<\/div>\r\n\n\n\n<p>La kin\u00e9sith\u00e9rapie sp\u00e9cifique au sport est sp\u00e9cialis\u00e9e dans le traitement des sportifs actifs. La physioth\u00e9rapie du sport se concentre sur le maintien ou le r\u00e9tablissement \u00e0 long terme de votre mobilit\u00e9 et de votre r\u00e9sistance physique.<\/p>\n\n\n\n<p>Le sport intensif sollicite l&rsquo;ensemble de votre appareil locomoteur, les articulations, les muscles et les tendons. R\u00e9sultat fr\u00e9quent : des tensions, des blocages et des douleurs. Les causes sont souvent une situation de surcharge chronique, de mauvaises charges ou des d\u00e9s\u00e9quilibres.<\/p>\n\n\n\n<p>Dans le cadre de la physioth\u00e9rapie du sport dans notre cabinet berlinois, nous traitons de mani\u00e8re cibl\u00e9e vos troubles individuels. Les blocages de vert\u00e8bres, les crampes musculaires ou les \u00e9tirements de ligaments sont relativement fr\u00e9quents chez les sportifs. La physioth\u00e9rapie du sport pratiqu\u00e9e par notre \u00e9quipe exp\u00e9riment\u00e9e \u00e0 Berlin-Mitte vous aide \u00e0 vous soulager plus rapidement. Vous pourrez ainsi bient\u00f4t reprendre vos activit\u00e9s sportives sans douleur.<\/p>\n\n\n\n<p>Pour les soins post-op\u00e9ratoires en cas de fracture ou d&rsquo;op\u00e9ration, une physioth\u00e9rapie prolong\u00e9e est g\u00e9n\u00e9ralement n\u00e9cessaire. Cela permet de s&rsquo;assurer que votre corps se r\u00e9tablit compl\u00e8tement et retrouve sa pleine capacit\u00e9 de mouvement. Une physioth\u00e9rapie du sport dans notre cabinet berlinois est adapt\u00e9e individuellement \u00e0 la condition physique et au tableau clinique. En combinant des techniques de massage activantes et relaxantes, des tapes fonctionnelles ou des exercices visant \u00e0 compenser les d\u00e9s\u00e9quilibres musculaires et \u00e0 approfondir la perception du corps, nous assurons une r\u00e9g\u00e9n\u00e9ration fondamentale. Vous constaterez que : Une physioth\u00e9rapie du sport r\u00e9guli\u00e8re dans notre cabinet de Berlin-Mitte vous soutient durablement. Un appareil locomoteur sain et un psychisme sain sont les meilleures conditions pour atteindre vos objectifs sportifs.<\/p>\n\n\n\n<div class=\"cta-wrapper\">\r\n<div class=\"cta-phone\">\r\n<h3 class=\"head1 center\">Prenez rendez-vous<\/h3>\r\n<p class=\"center\">Vous avez un claquage ou une entorse ? Nous vous aidons rapidement et sans complications ! Appelez-nous et prenez rapidement rendez-vous dans notre cabinet de physioth\u00e9rapie.<\/p>\r\n<a class=\"btn btn-secondary\" href=\"tel:+493054881177\"><i class=\"fa fa-phone\"><\/i>+49 30 54 88 11 77<\/a>\r\n<\/div>\r\n<\/div>\r\n\n\n\n<h2 class=\"head1\">Analyse approfondie sp\u00e9cifique au sport<\/h2>\r\n<div class=\"sub-head\">La base de votre physioth\u00e9rapie du sport \u00e0 Berlin<\/div>\r\n\n\n\n<p>Pour que vous puissiez r\u00e9aliser vos performances sportives \u00e0 long terme \u00e0 un niveau \u00e9lev\u00e9, vos articulations, vos tendons et vos muscles doivent fonctionner parfaitement. Pour ce faire, il est indispensable d&rsquo;avoir une bonne perception de son corps, en plus d&rsquo;une relation saine avec celui-ci : elle permet de m\u00e9nager l&rsquo;appareil locomoteur et de le prot\u00e9ger contre l&rsquo;usure. Les l\u00e9sions de surcharge au niveau de la colonne vert\u00e9brale et des articulations sont souvent dues \u00e0 des mauvaises positions ou \u00e0 des d\u00e9s\u00e9quilibres musculaires non identifi\u00e9s. Une analyse sp\u00e9cifique au sport dans notre cabinet berlinois est un \u00e9l\u00e9ment d\u00e9cisif pour une physioth\u00e9rapie du sport r\u00e9ussie : un diagnostic pr\u00e9coce permet de traiter les douleurs avant qu&rsquo;elles ne s&rsquo;aggravent. Cela permet de pr\u00e9venir efficacement les douleurs persistantes et les l\u00e9sions de l&rsquo;appareil locomoteur.<\/p>\n\n\n\n<p>Dans le cadre de votre physioth\u00e9rapie du sport, notre \u00e9quipe exp\u00e9riment\u00e9e du cabinet de Berlin-Mitte examine minutieusement vos mouvements : elle identifie ainsi vos risques de blessures individuels. Vous obtenez des informations compl\u00e8tes sur votre capacit\u00e9 actuelle de charge, de performance et de mouvement ainsi que sur votre force, votre coordination et votre endurance. L&rsquo;analyse porte \u00e9galement sur la sollicitation de votre colonne vert\u00e9brale et de vos articulations, ainsi que sur les mesures de compensation appropri\u00e9es. Une physioth\u00e9rapie du sport \u00e0 Berlin-Mitte vous aide \u00e0 pr\u00e9venir les surcharges et les \u00e9ventuelles blessures \u00e0 un stade pr\u00e9coce. L&rsquo;optimisation du style de course, la recommandation de semelles orthop\u00e9diques et d&rsquo;autres exercices de pr\u00e9vention et de physioth\u00e9rapie y contribuent : Votre physioth\u00e9rapie du sport dans notre cabinet berlinois vous encourage \u00e0 toujours donner le meilleur de vous-m\u00eame lors de la pratique r\u00e9guli\u00e8re et intensive d&rsquo;un sport.<\/p>\n\n\n\n<figure class=\"wp-block-image size-full\"><img decoding=\"async\" width=\"1920\" height=\"600\" src=\"https:\/\/www.physiotherapie-berlinmitte.de\/wp-content\/uploads\/2022\/04\/sportler-physio-berlin.jpg\" alt=\"Physioth&#xE9;rapie pour les sportifs\" class=\"wp-image-16271\" srcset=\"https:\/\/www.physiotherapie-berlinmitte.de\/wp-content\/uploads\/2022\/04\/sportler-physio-berlin.jpg 1920w, https:\/\/www.physiotherapie-berlinmitte.de\/wp-content\/uploads\/2022\/04\/sportler-physio-berlin-300x94.jpg 300w, https:\/\/www.physiotherapie-berlinmitte.de\/wp-content\/uploads\/2022\/04\/sportler-physio-berlin-1024x320.jpg 1024w, https:\/\/www.physiotherapie-berlinmitte.de\/wp-content\/uploads\/2022\/04\/sportler-physio-berlin-768x240.jpg 768w, https:\/\/www.physiotherapie-berlinmitte.de\/wp-content\/uploads\/2022\/04\/sportler-physio-berlin-1536x480.jpg 1536w\" sizes=\"(max-width: 1920px) 100vw, 1920px\" \/><\/figure>\n\n\n<h2 class=\"head1 mb10 mt30\">Des traitements efficaces dans le cadre de votre physioth\u00e9rapie du sport \u00e0 Berlin<\/h2>\r\n\n\n\n<p>Les massages remontent \u00e0 une tradition et \u00e0 un art de gu\u00e9rir mill\u00e9naires. Les techniques manuelles permettent de stimuler l&rsquo;irrigation sanguine de la peau, du tissu conjonctif, des muscles et des tendons. Les claquages, les surcharges ou les douleurs sont des sympt\u00f4mes fr\u00e9quents qui accompagnent les activit\u00e9s sportives r\u00e9guli\u00e8res et intenses. Les massages pour sportifs font partie de la physioth\u00e9rapie du sport dans notre cabinet berlinois : au cours d&rsquo;un examen de base, les \u00e9ventuelles tensions sont diagnostiqu\u00e9es. Pendant le massage, des prot\u00e9ines sont lib\u00e9r\u00e9es, qui contribuent \u00e0 la r\u00e9cup\u00e9ration des muscles et r\u00e9duisent l&rsquo;apparition de substances pro-inflammatoires.<\/p>\n\n\n\n<p>Dans le cadre de votre physioth\u00e9rapie du sport, nous utilisons dans notre cabinet berlinois des techniques sp\u00e9ciales de pr\u00e9hension, de pression, de p\u00e9trissage et de tapotement. Celles-ci aident \u00e0 pr\u00e9venir ou \u00e0 att\u00e9nuer les distorsions musculaires, les douleurs articulaires, les inflammations ou les blocages. Les massages pour sportifs contribuent ainsi de mani\u00e8re importante au maintien de vos performances maximales.<\/p>\n\n\n\n<p>En tant que sp\u00e9cialiste de la physioth\u00e9rapie du sport \u00e0 Berlin, nous vous proposons un autre \u00e9l\u00e9ment de votre traitement : le taping kin\u00e9siologique : Cette forme de th\u00e9rapie est originaire de la m\u00e9decine japonaise. Elle sert \u00e0 renforcer la musculature, \u00e0 traiter les blessures et \u00e0 pr\u00e9venir les fractures et les distorsions en stabilisant certaines parties du corps. Les bandes de sparadrap permettent de stimuler la circulation sanguine, les fluides lymphatiques et le m\u00e9tabolisme. Elles peuvent \u00eatre port\u00e9es pendant plusieurs jours et ne doivent pas \u00eatre retir\u00e9es, m\u00eame sous la douche.<\/p>\n\n\n\n<p>Vous souffrez de troubles aigus qui limitent vos performances sportives ? Les nombreux traitements propos\u00e9s par un physioth\u00e9rapeute du sport \u00e0 Berlin-Mitte vous soulageront rapidement.<\/p>\n\n<\/div><\/section>","protected":false},"excerpt":{"rendered":"Kin\u00e9sith\u00e9rapie du sport \u00e0 Berlin Mitte Gymnastique th\u00e9rapeutique sp\u00e9cifique au sport La kin\u00e9sith\u00e9rapie sp\u00e9cifique au sport est sp\u00e9cialis\u00e9e dans le traitement des sportifs actifs. &#8230; <a title=\"Physioth\u00e9rapie du sport\" class=\"read-more\" href=\"https:\/\/www.physiotherapie-berlinmitte.de\/fr\/physiotherapie-du-sport\/\" aria-label=\"En savoir plus sur Physioth\u00e9rapie du sport\">Lire la suite<\/a>","protected":false},"author":1,"featured_media":0,"parent":0,"menu_order":0,"comment_status":"closed","ping_status":"closed","template":"","meta":{"_seopress_robots_primary_cat":"","_seopress_titles_title":"","_seopress_titles_desc":"","_seopress_robots_index":"","_seopress_analysis_target_kw":"","footnotes":""},"class_list":{"0":"post-16907","1":"page","2":"type-page","3":"status-publish","5":"no-featured-image-padding"},"_links":{"self":[{"href":"https:\/\/www.physiotherapie-berlinmitte.de\/fr\/wp-json\/wp\/v2\/pages\/16907","targetHints":{"allow":["GET"]}}],"collection":[{"href":"https:\/\/www.physiotherapie-berlinmitte.de\/fr\/wp-json\/wp\/v2\/pages"}],"about":[{"href":"https:\/\/www.physiotherapie-berlinmitte.de\/fr\/wp-json\/wp\/v2\/types\/page"}],"author":[{"embeddable":true,"href":"https:\/\/www.physiotherapie-berlinmitte.de\/fr\/wp-json\/wp\/v2\/users\/1"}],"replies":[{"embeddable":true,"href":"https:\/\/www.physiotherapie-berlinmitte.de\/fr\/wp-json\/wp\/v2\/comments?post=16907"}],"version-history":[{"count":0,"href":"https:\/\/www.physiotherapie-berlinmitte.de\/fr\/wp-json\/wp\/v2\/pages\/16907\/revisions"}],"wp:attachment":[{"href":"https:\/\/www.physiotherapie-berlinmitte.de\/fr\/wp-json\/wp\/v2\/media?parent=16907"}],"curies":[{"name":"wp","href":"https:\/\/api.w.org\/{rel}","templated":true}]}}