{"id":16942,"date":"2022-04-03T19:29:02","date_gmt":"2022-04-03T17:29:02","guid":{"rendered":"https:\/\/www.physiotherapie-berlinmitte.de\/traitements-de-therapie-ultrason\/"},"modified":"2022-05-20T11:42:24","modified_gmt":"2022-05-20T09:42:24","slug":"traitements-de-therapie-ultrason","status":"publish","type":"page","link":"https:\/\/www.physiotherapie-berlinmitte.de\/fr\/traitements-de-therapie-ultrason\/","title":{"rendered":"Traitements de th\u00e9rapie ultrason"},"content":{"rendered":"<section class=\"gb-container gb-container-66a175f0\"><div class=\"gb-inside-container\">\n\n<figure class=\"wp-block-image size-full\"><img decoding=\"async\" width=\"1920\" height=\"600\" src=\"https:\/\/www.physiotherapie-berlinmitte.de\/wp-content\/uploads\/2022\/04\/ultraschall-therapie-behandlung-schmerzen-muskel-verspannungen-physiotherapie-berlin-mitte-christian-marsch.jpg\" alt=\"Traitements de th&#xE9;rapie ultrason\" class=\"wp-image-15795\" srcset=\"https:\/\/www.physiotherapie-berlinmitte.de\/wp-content\/uploads\/2022\/04\/ultraschall-therapie-behandlung-schmerzen-muskel-verspannungen-physiotherapie-berlin-mitte-christian-marsch.jpg 1920w, https:\/\/www.physiotherapie-berlinmitte.de\/wp-content\/uploads\/2022\/04\/ultraschall-therapie-behandlung-schmerzen-muskel-verspannungen-physiotherapie-berlin-mitte-christian-marsch-300x94.jpg 300w, https:\/\/www.physiotherapie-berlinmitte.de\/wp-content\/uploads\/2022\/04\/ultraschall-therapie-behandlung-schmerzen-muskel-verspannungen-physiotherapie-berlin-mitte-christian-marsch-1024x320.jpg 1024w, https:\/\/www.physiotherapie-berlinmitte.de\/wp-content\/uploads\/2022\/04\/ultraschall-therapie-behandlung-schmerzen-muskel-verspannungen-physiotherapie-berlin-mitte-christian-marsch-768x240.jpg 768w, https:\/\/www.physiotherapie-berlinmitte.de\/wp-content\/uploads\/2022\/04\/ultraschall-therapie-behandlung-schmerzen-muskel-verspannungen-physiotherapie-berlin-mitte-christian-marsch-1536x480.jpg 1536w\" sizes=\"(max-width: 1920px) 100vw, 1920px\" \/><\/figure>\n\n\n<h1 class=\"head1 mt30\">Th\u00e9rapie par ultrasons Berlin Mitte<\/h1>\r\n<div class=\"sub-head\">Traitements en cas de douleurs et de tensions musculaires<\/div>\r\n\n\n\n<p>La th\u00e9rapie par ultrasons est une proc\u00e9dure th\u00e9rapeutique qui est utilis\u00e9e principalement pour les douleurs du syst\u00e8me musculo-squelettique telles que les troubles articulaires ou spinaux. L\u2019\u00e9chographie en elle-m\u00eame fait r\u00e9f\u00e9rence \u00e0 des ondes sonores qui se succ\u00e8dent rapidement et qui sont destin\u00e9es \u00e0 d\u00e9tecter les maladies des organes ou des articulations. Dans un traitement par ultrasons, les ondes sonores inaudibles sont utilis\u00e9es pour soulager la douleur et la tension musculaire associ\u00e9es aux nerfs, tendons et articulations.<\/p>\n\n\n\n<div class=\"cta-wrapper\">\r\n<div class=\"cta-phone\">\r\n<h3 class=\"head1 center\">Prendre rendez-vous<\/h3>\r\n<p class=\"center\">Vous avez des douleurs dans la colonne vert\u00e9brale ou les muscles ? Nous vous aidons rapidement et sans complication ! Appelez-nous et prenez rendez-vous \u00e0 court pr\u00e9avis dans notre pratique de physioth\u00e9rapie.<\/p>\r\n<a class=\"btn btn-secondary\" href=\"tel:+493054881177\"><i class=\"fa fa-phone\"><\/i>+49 30 54 88 11 77<\/a>\r\n<\/div>\r\n<\/div>\r\n\n\n\n<p>Dans le cadre d\u2019un traitement par ultrasons, les ondes sonores sont achemin\u00e9es dans le corps par la peau. Une t\u00eate de son est utilis\u00e9e, reli\u00e9e par c\u00e2ble \u00e0 un appareil \u00e0 ultrasons. Les ondes ultrasonores sont finalement envoy\u00e9es au-dessus. Pour que les ondes sonores puissent \u00eatre transmises dans les parties du corps du patient \u00e0 traiter, un gel sp\u00e9cial est appliqu\u00e9 sur les parties du corps du patient. La t\u00eate du son est finalement guid\u00e9e par les parties du corps \u00e0 traiter et les ondes sonores sont transmises dans le corps par la peau.<\/p>\n\n\n\n<p>Le traitement par ultrasons est chauffant, analg\u00e9sique et favorise la circulation sanguine. Elle fait monter la temp\u00e9rature dans les tissus. Cela am\u00e9liore la circulation sanguine et le m\u00e9tabolisme (am\u00e9lioration des trophiques) et r\u00e9duit la tension tissulaire (tonus). Tout cela entra\u00eene un rel\u00e2chement des muscles tendus et un soulagement de la douleur,principalement due \u00e0 des maladies de la colonne vert\u00e9brale.<\/p>\n\n<\/div><\/section>\n<p><\/p>\n","protected":false},"excerpt":{"rendered":"Th\u00e9rapie par ultrasons Berlin Mitte Traitements en cas de douleurs et de tensions musculaires La th\u00e9rapie par ultrasons est une proc\u00e9dure th\u00e9rapeutique qui est &#8230; <a title=\"Traitements de th\u00e9rapie ultrason\" class=\"read-more\" href=\"https:\/\/www.physiotherapie-berlinmitte.de\/fr\/traitements-de-therapie-ultrason\/\" aria-label=\"En savoir plus sur Traitements de th\u00e9rapie ultrason\">Lire la suite<\/a>","protected":false},"author":1,"featured_media":0,"parent":0,"menu_order":0,"comment_status":"closed","ping_status":"closed","template":"","meta":{"_seopress_robots_primary_cat":"","_seopress_titles_title":"","_seopress_titles_desc":"","_seopress_robots_index":"","footnotes":""},"class_list":{"0":"post-16942","1":"page","2":"type-page","3":"status-publish","5":"no-featured-image-padding"},"_links":{"self":[{"href":"https:\/\/www.physiotherapie-berlinmitte.de\/fr\/wp-json\/wp\/v2\/pages\/16942","targetHints":{"allow":["GET"]}}],"collection":[{"href":"https:\/\/www.physiotherapie-berlinmitte.de\/fr\/wp-json\/wp\/v2\/pages"}],"about":[{"href":"https:\/\/www.physiotherapie-berlinmitte.de\/fr\/wp-json\/wp\/v2\/types\/page"}],"author":[{"embeddable":true,"href":"https:\/\/www.physiotherapie-berlinmitte.de\/fr\/wp-json\/wp\/v2\/users\/1"}],"replies":[{"embeddable":true,"href":"https:\/\/www.physiotherapie-berlinmitte.de\/fr\/wp-json\/wp\/v2\/comments?post=16942"}],"version-history":[{"count":0,"href":"https:\/\/www.physiotherapie-berlinmitte.de\/fr\/wp-json\/wp\/v2\/pages\/16942\/revisions"}],"wp:attachment":[{"href":"https:\/\/www.physiotherapie-berlinmitte.de\/fr\/wp-json\/wp\/v2\/media?parent=16942"}],"curies":[{"name":"wp","href":"https:\/\/api.w.org\/{rel}","templated":true}]}}