{"id":16948,"date":"2022-04-12T16:13:45","date_gmt":"2022-04-12T14:13:45","guid":{"rendered":"https:\/\/www.physiotherapie-berlinmitte.de\/techniques-viscerales\/"},"modified":"2022-05-20T11:47:12","modified_gmt":"2022-05-20T09:47:12","slug":"techniques-viscerales","status":"publish","type":"page","link":"https:\/\/www.physiotherapie-berlinmitte.de\/fr\/techniques-viscerales\/","title":{"rendered":"Techniques visc\u00e9rales"},"content":{"rendered":"<section class=\"gb-container gb-container-31da9585\"><div class=\"gb-inside-container\">\n\n<figure class=\"wp-block-image size-full\"><img decoding=\"async\" width=\"1920\" height=\"600\" src=\"https:\/\/www.physiotherapie-berlinmitte.de\/wp-content\/uploads\/2022\/04\/viszerale-techniken-berlin.jpg\" alt=\"Techniques visc&#xE9;rales\" class=\"wp-image-16240\" srcset=\"https:\/\/www.physiotherapie-berlinmitte.de\/wp-content\/uploads\/2022\/04\/viszerale-techniken-berlin.jpg 1920w, https:\/\/www.physiotherapie-berlinmitte.de\/wp-content\/uploads\/2022\/04\/viszerale-techniken-berlin-300x94.jpg 300w, https:\/\/www.physiotherapie-berlinmitte.de\/wp-content\/uploads\/2022\/04\/viszerale-techniken-berlin-1024x320.jpg 1024w, https:\/\/www.physiotherapie-berlinmitte.de\/wp-content\/uploads\/2022\/04\/viszerale-techniken-berlin-768x240.jpg 768w, https:\/\/www.physiotherapie-berlinmitte.de\/wp-content\/uploads\/2022\/04\/viszerale-techniken-berlin-1536x480.jpg 1536w\" sizes=\"(max-width: 1920px) 100vw, 1920px\" \/><\/figure>\n\n\n<h1 class=\"head1 mt30\">Techniques visc\u00e9rales Berlin Mitte<\/h1>\r\n<div class=\"sub-head\">R\u00e9g\u00e9n\u00e9ration des organes internes<\/div>\r\n\n\n\n<p>La th\u00e9rapie visc\u00e9rale se concentre sur les organes de la r\u00e9gion abdominale, mais aussi sur la poitrine et la r\u00e9gion pelvienne ainsi que sur le tissu conjonctif adjacent. Des techniques manuelles sont utilis\u00e9es pour traiter les limitations fonctionnelles des organes et les sympt\u00f4mes associ\u00e9s.<\/p>\n\n\n\n<p>Au d\u00e9but de la th\u00e9rapie, les propres mouvements des organes sont scann\u00e9s pour d\u00e9terminer leur \u00e9tat de sant\u00e9. Par des mouvements doux, les organes sont mobilis\u00e9s et les vaisseaux et les nerfs sont stimul\u00e9s. Les mouvements manuels stimulent l\u2019organisme de telle mani\u00e8re que les anciens sch\u00e9mas sont \u00e9limin\u00e9s et que les changements se produisent progressivement d\u2019eux-m\u00eames.<\/p>\n\n\n\n<div class=\"cta-wrapper\">\r\n<div class=\"cta-phone\">\r\n<h3 class=\"head1 center\">Prendre rendez-vous<\/h3>\r\n<p class=\"center\">Vous avez des douleurs et des gonflements ? Nous vous aidons rapidement et sans complications ! Appelez-nous et convenez rapidement d&rsquo;un rendez-vous dans notre cabinet \u00e0 Berlin-Mitte.<\/p>\r\n<a class=\"btn btn-secondary\" href=\"tel:+493054881177\"><i class=\"fa fa-phone\"><\/i>+49 30 54 88 11 77<\/a>\r\n<\/div>\r\n<\/div>\r\n\n\n\n<h2 class=\"head1 mb10\">R\u00e9unir l&rsquo;appareil locomoteur et le syst\u00e8me d&rsquo;organes<\/h2>\r\n\n\n\n<p>Les restrictions des organes peuvent avoir des causes diverses : Les inflammations, les exp\u00e9riences traumatisantes ou m\u00eame les mod\u00e8les de posture peuvent entra\u00eener des probl\u00e8mes dans le syst\u00e8me musculo-squelettique ou une irritation des nerfs. Pour traiter les tensions, les adh\u00e9rences et les dysfonctionnements, la th\u00e9rapie visc\u00e9rale se concentre sur la mobilit\u00e9 (mouvement) et la motilit\u00e9 (rythme) des organes. Si la circulation sanguine est \u00e9quilibr\u00e9e, le fonctionnement et l\u2019interaction de l\u2019estomac avec les autres organes sont am\u00e9lior\u00e9s \u00e0 long terme, la circulation lymphatique et l\u2019\u00e9quilibre hormonal sont favoris\u00e9s, les adh\u00e9rences et les tensions sont rel\u00e2ch\u00e9es. En traitant des organes tels que le foie ou les reins, les probl\u00e8mes d\u2019estomac, les hernies discales ou les probl\u00e8mes de hanche peuvent \u00e9galement \u00eatre \u00e9limin\u00e9s ou du moins att\u00e9nu\u00e9s \u2013 avec des techniques manuelles habiles et sans qu\u2019il soit n\u00e9cessaire de prendre des m\u00e9dicaments.<\/p>\n\n<\/div><\/section>","protected":false},"excerpt":{"rendered":"Techniques visc\u00e9rales Berlin Mitte R\u00e9g\u00e9n\u00e9ration des organes internes La th\u00e9rapie visc\u00e9rale se concentre sur les organes de la r\u00e9gion abdominale, mais aussi sur la &#8230; <a title=\"Techniques visc\u00e9rales\" class=\"read-more\" href=\"https:\/\/www.physiotherapie-berlinmitte.de\/fr\/techniques-viscerales\/\" aria-label=\"En savoir plus sur Techniques visc\u00e9rales\">Lire la suite<\/a>","protected":false},"author":1,"featured_media":0,"parent":0,"menu_order":0,"comment_status":"closed","ping_status":"closed","template":"","meta":{"_seopress_robots_primary_cat":"","_seopress_titles_title":"","_seopress_titles_desc":"","_seopress_robots_index":"","footnotes":""},"class_list":{"0":"post-16948","1":"page","2":"type-page","3":"status-publish","5":"no-featured-image-padding"},"_links":{"self":[{"href":"https:\/\/www.physiotherapie-berlinmitte.de\/fr\/wp-json\/wp\/v2\/pages\/16948","targetHints":{"allow":["GET"]}}],"collection":[{"href":"https:\/\/www.physiotherapie-berlinmitte.de\/fr\/wp-json\/wp\/v2\/pages"}],"about":[{"href":"https:\/\/www.physiotherapie-berlinmitte.de\/fr\/wp-json\/wp\/v2\/types\/page"}],"author":[{"embeddable":true,"href":"https:\/\/www.physiotherapie-berlinmitte.de\/fr\/wp-json\/wp\/v2\/users\/1"}],"replies":[{"embeddable":true,"href":"https:\/\/www.physiotherapie-berlinmitte.de\/fr\/wp-json\/wp\/v2\/comments?post=16948"}],"version-history":[{"count":0,"href":"https:\/\/www.physiotherapie-berlinmitte.de\/fr\/wp-json\/wp\/v2\/pages\/16948\/revisions"}],"wp:attachment":[{"href":"https:\/\/www.physiotherapie-berlinmitte.de\/fr\/wp-json\/wp\/v2\/media?parent=16948"}],"curies":[{"name":"wp","href":"https:\/\/api.w.org\/{rel}","templated":true}]}}