{"id":16978,"date":"2022-03-25T12:55:27","date_gmt":"2022-03-25T11:55:27","guid":{"rendered":"https:\/\/www.physiotherapie-berlinmitte.de\/traitement-medical\/"},"modified":"2023-05-17T17:45:43","modified_gmt":"2023-05-17T15:45:43","slug":"traitement-medical","status":"publish","type":"page","link":"https:\/\/www.physiotherapie-berlinmitte.de\/fr\/traitement-medical\/","title":{"rendered":"Traitement m\u00e9dical"},"content":{"rendered":"<section class=\"gb-container gb-container-99bcb43e\"><div class=\"gb-inside-container\">\n\n<figure class=\"wp-block-image size-full\"><img decoding=\"async\" width=\"1920\" height=\"600\" src=\"https:\/\/www.physiotherapie-berlinmitte.de\/wp-content\/uploads\/2022\/04\/medical-treatment-berlin-physiotherapie-berlin-mitte-christian-marsch.jpg\" alt=\"Traitement m&#xE9;dical\" class=\"wp-image-15818\" srcset=\"https:\/\/www.physiotherapie-berlinmitte.de\/wp-content\/uploads\/2022\/04\/medical-treatment-berlin-physiotherapie-berlin-mitte-christian-marsch.jpg 1920w, https:\/\/www.physiotherapie-berlinmitte.de\/wp-content\/uploads\/2022\/04\/medical-treatment-berlin-physiotherapie-berlin-mitte-christian-marsch-300x94.jpg 300w, https:\/\/www.physiotherapie-berlinmitte.de\/wp-content\/uploads\/2022\/04\/medical-treatment-berlin-physiotherapie-berlin-mitte-christian-marsch-1024x320.jpg 1024w, https:\/\/www.physiotherapie-berlinmitte.de\/wp-content\/uploads\/2022\/04\/medical-treatment-berlin-physiotherapie-berlin-mitte-christian-marsch-768x240.jpg 768w, https:\/\/www.physiotherapie-berlinmitte.de\/wp-content\/uploads\/2022\/04\/medical-treatment-berlin-physiotherapie-berlin-mitte-christian-marsch-1536x480.jpg 1536w\" sizes=\"(max-width: 1920px) 100vw, 1920px\" \/><\/figure>\n\n\n<h1 class=\"head1 mt30\">Rendez-vous d&rsquo;urgence en physioth\u00e9rapie \u00e0 Berlin Mitte<\/h1>\n<div class=\"sub-head\">Traitement m\u00e9dical Berlin pour les douleurs et les contractures<\/div>\n\n\n\n<div class=\"cta-wrapper mt30\">\n<div class=\"cta-phone\">\n<h3 class=\"head1 center\">Jetzt Physiotherapie Notfalltermin vereinbaren<\/h3>\n<p class=\"center\">Akute Beschwerden? Verspannungen oder Schmerzen? Dann melden Sie sich bei uns an und vereinbaren Sie einen Notfalltermin in unserer Praxis.<\/p>\n<p class=\"btn-set\">\n<a class=\"btn btn-secondary\" href=\"tel:+493054881177\"><i class=\"fa fa-phone\"><\/i>Anrufen<\/a>\n<a class=\"btn btn-secondary\" href=\"https:\/\/www.physiotherapie-berlinmitte.de\/kontakt\/\"><i class=\"fa fa-envelope\"><\/i>E-Mail<\/a>\n<\/p>\n<\/div>\n<\/div>\n\n\n\n<div id=\"brb_collection_18581\" class=\"mb10 gwrapper\"><\/div>\n<script type=\"text\/javascript\">!function(e){var c=document.createElement(\"script\");c.src=e,document.body.appendChild(c)}(\"https:\/\/www.physiotherapie-berlinmitte.de?cf_action=brb_embed&brb_collection_id=18581&brb_callback=brb_\"+(new Date).getTime());<\/script><div id=\"brb_collection_18580\" class=\"gwrapper\"><\/div>\n<script type=\"text\/javascript\">!function(e){var c=document.createElement(\"script\");c.src=e,document.body.appendChild(c)}(\"https:\/\/www.physiotherapie-berlinmitte.de?cf_action=brb_embed&brb_collection_id=18580&brb_callback=brb_\"+(new Date).getTime());<\/script>\n\n\n<p>Tu as fort Douleur dans le cou, les \u00e9paules, le dos, les hanches, les bras ou les jambes? En cas de douleur soudaine, nous vous aiderons Traitement m\u00e9dical rapidement et efficacement. Pour urgences aigu\u00ebs on en garde toujours Dates gratuites, afin de pouvoir vous aider rapidement et facilement.<\/p>\n\n\n\n<p>Pour soulager vos douleurs, <a href=\"https:\/\/www.physiotherapie-berlinmitte.de\/fr\/kinesio-taping\/\">le Kinesio Tape<\/a> est inclus dans les prestations du traitement si n\u00e9cessaire. En appliquant le Kinesio Tape, nous r\u00e9duisons les douleurs, am\u00e9liorons les fonctions articulaires et soulageons les tensions. Gr\u00e2ce \u00e0 des techniques de pr\u00e9hension sp\u00e9ciales, nous lib\u00e9rons les tensions musculaires et, si n\u00e9cessaire, nous rel\u00e2chons les parties musculaires durcies \u00e0 l&rsquo;aide du <a href=\"https:\/\/www.physiotherapie-berlinmitte.de\/fr\/theragun-g3pro\/\">Theragun<\/a>.<\/p>\n\n\n\n<p>Pour vous lib\u00e9rer des douleurs et des tensions, nous utilisons toutes les mesures th\u00e9rapeutiques &#8211; des <a href=\"https:\/\/www.physiotherapie-berlinmitte.de\/behandlungen\/massagen\/\">massages<\/a> aux <a href=\"https:\/\/www.physiotherapie-berlinmitte.de\/fr\/la-therapie-par-ventouses\/\">ventouses<\/a> en passant par les <a href=\"https:\/\/www.physiotherapie-berlinmitte.de\/fr\/therapie-du-fascia\/\">traitements des fascias<\/a>&#8211; afin de soulager vos douleurs et de vous lib\u00e9rer autant que possible de vos maux.<\/p>\n\n\n\n<h2 class=\"head1 mt60\">Avantages de la physioth\u00e9rapie Traitement d&rsquo;urgence<\/h2>\n<div class=\"sub-head\">Simple. Rapidement. Pr\u00e9cis. Efficace.<\/div>\n\n\n<div class=\"gb-grid-wrapper gb-grid-wrapper-3c03c110\">\n<div class=\"gb-grid-column gb-grid-column-f2227f7b\"><div class=\"gb-container gb-container-f2227f7b\"><div class=\"gb-inside-container\">\n\n<p>Contactez-nous rapidement, en cas de douleurs aigu\u00ebs, de restrictions de mouvement, d&rsquo;entorses, de contusions, de tensions ou d&rsquo;hernie discale.<\/p>\n<ul class=\"clist2\"><li>Pas de longs d\u00e9lais d&rsquo;attente. Appelez-nous !<\/li>\n<li>Examen d\u00e9taill\u00e9 et diagnostic<\/li>\n<li>Traitement sans prescription m\u00e9dicale<\/li>\n<li>Toute la gamme des traitements de physioth\u00e9rapie<\/li>\n<\/ul><p>N&rsquo;h\u00e9sitez pas en cas de douleurs aigu\u00ebs. Un traitement rapide permet de r\u00e9duire les postures contraignantes et, par cons\u00e9quent, d&rsquo;\u00e9viter d&rsquo;autres douleurs et tensions. Notre traitement d&rsquo;urgence de physioth\u00e9rapie vous aide rapidement et simplement.<\/p>\n\n<\/div><\/div><\/div>\n\n<div class=\"gb-grid-column gb-grid-column-7bfd5b31\"><div class=\"gb-container gb-container-7bfd5b31\"><div class=\"gb-inside-container\">\n<div class=\"wp-block-image\">\n<figure class=\"alignright size-full\"><img decoding=\"async\" width=\"535\" height=\"357\" src=\"https:\/\/www.physiotherapie-berlinmitte.de\/wp-content\/uploads\/2022\/04\/medical-treatment-berlin-mitte.jpg\" alt=\"Traitement m&#xE9;dical Berlin Mitte\" class=\"wp-image-15825\" srcset=\"https:\/\/www.physiotherapie-berlinmitte.de\/wp-content\/uploads\/2022\/04\/medical-treatment-berlin-mitte.jpg 535w, https:\/\/www.physiotherapie-berlinmitte.de\/wp-content\/uploads\/2022\/04\/medical-treatment-berlin-mitte-300x200.jpg 300w\" sizes=\"(max-width: 535px) 100vw, 535px\" \/><\/figure><\/div>\n<\/div><\/div><\/div>\n<\/div>\n\n\n<figure class=\"wp-block-embed is-type-video is-provider-youtube wp-block-embed-youtube wp-embed-aspect-16-9 wp-has-aspect-ratio\"><div class=\"wp-block-embed__wrapper\">\n<iframe title=\"Rundgang durch die Praxis f\u00fcr Physiotherapie Berlin Mitte Marsch.\" width=\"1200\" height=\"675\" src=\"https:\/\/www.youtube.com\/embed\/duiWsRiWe9w?feature=oembed\" frameborder=\"0\" allow=\"accelerometer; autoplay; clipboard-write; encrypted-media; gyroscope; picture-in-picture\" allowfullscreen><\/iframe>\n<\/div><\/figure>\n\n\n\n<div class=\"wp-block-columns is-layout-flex wp-container-core-columns-is-layout-9d6595d7 wp-block-columns-is-layout-flex\">\n<div class=\"wp-block-column is-layout-flow wp-block-column-is-layout-flow\" style=\"flex-basis:100%\"><div class=\"gb-grid-wrapper gb-grid-wrapper-2542d707 overflow-hidden\"><\/div><\/div>\n<\/div>\n\n\n\n<h2 class=\"head1 mt30\">Medical Treatment : l&rsquo;aide rapide en cas de douleurs aigu\u00ebs<\/h2>\n<div class=\"sub-head\">Notre service d&rsquo;urgence de physioth\u00e9rapie est \u00e0 votre disposition<\/div>\n\n\n\n<p>Le traitement m\u00e9dical avec son approche holistique offre de nombreuses possibilit\u00e9s de soulagement de la douleur et augmente ainsi durablement une qualit\u00e9 de vie limit\u00e9e par des plaintes physiques. Un traitement m\u00e9dical peut aider \u00e0 am\u00e9liorer consid\u00e9rablement la force, l\u2019endurance, la coordination et la mobilit\u00e9 articulaire d\u2019une personne.<\/p>\n\n\n\n<p>R\u00e9servez un soin m\u00e9dical de 40 minutes dans notre cabinet pour 99 euros (40 minutes \/ 149 euros pour 60 minutes) et recevez un soin qui soulage votre corps des fortes douleurs et vous remet en forme pour le travail, la famille ou le sport !<\/p>\n\n\n\n<div class=\"cta-wrapper\">\n<div class=\"cta-phone\">\n<h3 class=\"head1 center\">Prendre rendez-vous maintenant pour la physioth\u00e9rapie d&rsquo;urgence<\/h3>\n<p class=\"center\">Troubles aigus ? Tensions ou douleurs ? Alors inscrivez-vous aupr\u00e8s de nous et prenez un rendez-vous d&rsquo;urgence dans notre cabinet.<\/p>\n<p class=\"btn-set\">\n<a class=\"btn btn-secondary\" href=\"tel:+493054881177\"><i class=\"fa fa-phone\"><\/i>Appeler<\/a>\n<a class=\"btn btn-secondary\" href=\"mailto:info@physiotherapie-berlinmitte.de\"><i class=\"fa fa-envelope\"><\/i>Courrier \u00e9lectronique<\/a>\n<\/p>\n<\/div>\n<\/div>\n\n<\/div><\/section>\n<p><\/p>\n","protected":false},"excerpt":{"rendered":"Rendez-vous d&rsquo;urgence en physioth\u00e9rapie \u00e0 Berlin Mitte Traitement m\u00e9dical Berlin pour les douleurs et les contractures Jetzt Physiotherapie Notfalltermin vereinbaren Akute Beschwerden? Verspannungen oder &#8230; <a title=\"Traitement m\u00e9dical\" class=\"read-more\" href=\"https:\/\/www.physiotherapie-berlinmitte.de\/fr\/traitement-medical\/\" aria-label=\"En savoir plus sur Traitement m\u00e9dical\">Lire la suite<\/a>","protected":false},"author":1,"featured_media":0,"parent":0,"menu_order":0,"comment_status":"closed","ping_status":"closed","template":"","meta":{"_seopress_robots_primary_cat":"","_seopress_titles_title":"Physioth\u00e9rapie Service d'urgence Berlin %%sep%% %sitetitle%%","_seopress_titles_desc":"Physioth\u00e9rapie, traitement d'urgence en cas de douleurs aigu\u00ebs. Nous les traitons en temps voulu et de mani\u00e8re cibl\u00e9e. Prise de rendez-vous par t\u00e9l\u00e9phone \u2706 +493054881177","_seopress_robots_index":"","footnotes":""},"class_list":{"0":"post-16978","1":"page","2":"type-page","3":"status-publish","5":"no-featured-image-padding"},"_links":{"self":[{"href":"https:\/\/www.physiotherapie-berlinmitte.de\/fr\/wp-json\/wp\/v2\/pages\/16978","targetHints":{"allow":["GET"]}}],"collection":[{"href":"https:\/\/www.physiotherapie-berlinmitte.de\/fr\/wp-json\/wp\/v2\/pages"}],"about":[{"href":"https:\/\/www.physiotherapie-berlinmitte.de\/fr\/wp-json\/wp\/v2\/types\/page"}],"author":[{"embeddable":true,"href":"https:\/\/www.physiotherapie-berlinmitte.de\/fr\/wp-json\/wp\/v2\/users\/1"}],"replies":[{"embeddable":true,"href":"https:\/\/www.physiotherapie-berlinmitte.de\/fr\/wp-json\/wp\/v2\/comments?post=16978"}],"version-history":[{"count":0,"href":"https:\/\/www.physiotherapie-berlinmitte.de\/fr\/wp-json\/wp\/v2\/pages\/16978\/revisions"}],"wp:attachment":[{"href":"https:\/\/www.physiotherapie-berlinmitte.de\/fr\/wp-json\/wp\/v2\/media?parent=16978"}],"curies":[{"name":"wp","href":"https:\/\/api.w.org\/{rel}","templated":true}]}}