{"id":16991,"date":"2022-04-24T20:22:22","date_gmt":"2022-04-24T18:22:22","guid":{"rendered":"https:\/\/www.physiotherapie-berlinmitte.de\/personal-training-berlin-mitte\/"},"modified":"2023-04-20T11:55:26","modified_gmt":"2023-04-20T09:55:26","slug":"personal-training-berlin-mitte","status":"publish","type":"page","link":"https:\/\/www.physiotherapie-berlinmitte.de\/fr\/personal-training-berlin-mitte\/","title":{"rendered":"Formation personnelle Berlin Mitte"},"content":{"rendered":"<section class=\"gb-container gb-container-eb753fc5\"><div class=\"gb-inside-container\">\n\n<figure class=\"wp-block-image size-large\"><img decoding=\"async\" src=\"https:\/\/www.physiotherapie-berlinmitte.de\/wp-content\/uploads\/2022\/04\/personal-training-berlin.jpg\" alt=\"Personal Training Berlin Mitte\"\/><\/figure>\n\n\n<h1 class=\"head1 mt30\">Personal Training Berlin Mitte<\/h1>\n<div class=\"sub-head\">Un entra\u00eenement personnel global pour votre sant\u00e9<\/div>\n\n\n\n<p>Le <strong>suivi<\/strong> individuel et personnel de l&rsquo;<strong>entra\u00eenement<\/strong> par nos <strong>physioth\u00e9rapeutes<\/strong> exp\u00e9riment\u00e9s et qualifi\u00e9s de Berlin-Mitte combine les m\u00e9thodes et les possibilit\u00e9s de diagnostic et de traitement avec l&rsquo;<strong>entra\u00eenement personnel<\/strong> pour le maintien ou le r\u00e9tablissement de la <strong>forme physique<\/strong> et de <strong>la sant\u00e9<\/strong>.<\/p>\n\n\n\n<p>Notre cabinet de physioth\u00e9rapie vous propose diff\u00e9rentes <strong>offres d&rsquo;entra\u00eenement<\/strong> cibl\u00e9es. Gr\u00e2ce \u00e0 des exercices personnalis\u00e9s en fonction de vos besoins et de vos objectifs, vous obtiendrez des r\u00e9sultats d&rsquo;entra\u00eenement optimaux.<\/p>\n\n<\/div><\/section><section class=\"gb-container gb-container-0b3c7c67\"><div class=\"gb-inside-container\">\n<div class=\"gb-container gb-container-6da75b8e\"><div class=\"gb-inside-container\">\n\n<h2 class=\"head1 mb10\">Notre offre de formation personnelle<\/h2>\n\n\n<div class=\"gb-grid-wrapper gb-grid-wrapper-f051d335 ptfeature\">\n<div class=\"gb-grid-column gb-grid-column-c04194ac\"><div class=\"gb-container gb-container-c04194ac\"><div class=\"gb-inside-container\">\n\n<figure class=\"wp-block-image size-large\"><a href=\"https:\/\/www.physiotherapie-berlinmitte.de\/fr\/personal-training-berlin-mitte\/entrainement-abdominal\/\"><img decoding=\"async\" src=\"https:\/\/www.physiotherapie-berlinmitte.de\/wp-content\/uploads\/2022\/04\/core-training.jpg\" alt=\"Core Training Berlin Mitte\"\/><\/a><figcaption>Core Training<\/figcaption><\/figure>\n<\/div><\/div><\/div>\n\n<div class=\"gb-grid-column gb-grid-column-c1d4d5ac\"><div class=\"gb-container gb-container-c1d4d5ac\"><div class=\"gb-inside-container\">\n\n<figure class=\"wp-block-image size-large\"><a href=\"https:\/\/www.physiotherapie-berlinmitte.de\/fr\/personal-training-berlin-mitte\/entrainement-fonctionnel\/\"><img decoding=\"async\" src=\"https:\/\/www.physiotherapie-berlinmitte.de\/wp-content\/uploads\/2022\/04\/functional-training.jpg\" alt=\"Functional Training Berlin Mitte\"\/><\/a><figcaption>Functional Training<\/figcaption><\/figure>\n<\/div><\/div><\/div>\n\n<div class=\"gb-grid-column gb-grid-column-656eecde\"><div class=\"gb-container gb-container-656eecde\"><div class=\"gb-inside-container\">\n\n<figure class=\"wp-block-image size-large\"><a href=\"https:\/\/www.physiotherapie-berlinmitte.de\/fr\/personal-training-berlin-mitte\/boxe-de-remise-en-forme\/\"><img decoding=\"async\" src=\"https:\/\/www.physiotherapie-berlinmitte.de\/wp-content\/uploads\/2022\/04\/fitness-boxen.jpg\" alt=\"Fitness Boxen Berlin Mitte\"\/><\/a><figcaption>Fitness Boxen<\/figcaption><\/figure>\n<\/div><\/div><\/div>\n\n<div class=\"gb-grid-column gb-grid-column-94af3784\"><div class=\"gb-container gb-container-94af3784\"><div class=\"gb-inside-container\">\n\n<figure class=\"wp-block-image size-large\"><a href=\"https:\/\/www.physiotherapie-berlinmitte.de\/fr\/personal-training-berlin-mitte\/fitness-en-plein-air\/\"><img decoding=\"async\" src=\"https:\/\/www.physiotherapie-berlinmitte.de\/wp-content\/uploads\/2022\/04\/outdoor-fitness.jpg\" alt=\"Fitness en plein air\"\/><\/a><figcaption>Outdoor Fitness<\/figcaption><\/figure>\n<\/div><\/div><\/div>\n\n<div class=\"gb-grid-column gb-grid-column-f7392bd0\"><div class=\"gb-container gb-container-f7392bd0\"><div class=\"gb-inside-container\">\n\n<figure class=\"wp-block-image size-large\"><a href=\"https:\/\/www.physiotherapie-berlinmitte.de\/fr\/personal-training-berlin-mitte\/entrainement-fascia\/\"><img decoding=\"async\" src=\"https:\/\/www.physiotherapie-berlinmitte.de\/wp-content\/uploads\/2022\/04\/faszien-training.jpg\" alt=\"Entra&#xEE;nement fascia\"\/><\/a><figcaption>Faszien Training<\/figcaption><\/figure>\n<\/div><\/div><\/div>\n<\/div>\n<\/div><\/div>\n<\/div><\/section><section class=\"gb-container gb-container-d3bff367\"><div class=\"gb-inside-container\">\n\n<h2 class=\"head1 mb10\">Personal Training : tout ce qui est n\u00e9cessaire pour rester en forme et en bonne sant\u00e9 \u00e0 long terme<\/h2>\n\n\n\n<p>vant chaque s\u00e9ance d\u2019entra\u00eenement personnel, il y a une r\u00e9union d\u2019introduction approfondie au cours de laquelle non seulement le poids actuel, le niveau de performance et les succ\u00e8s souhait\u00e9s sont discut\u00e9s, mais \u00e9galement les maladies ant\u00e9rieures. Les pr\u00e9f\u00e9rences sportives jouent \u00e9galement un r\u00f4le majeur, car apr\u00e8s tout, l\u2019entra\u00eenement doit aussi motiver. L\u2019entra\u00eeneur personnel r\u00e9pond de mani\u00e8re flexible aux souhaits individuels et l\u2019utilise pour cr\u00e9er un plan d\u2019entra\u00eenement complet. En tant que physioth\u00e9rapeutes form\u00e9s, nos formateurs savent exactement ce qui est n\u00e9cessaire pour atteindre vos objectifs personnels et travaillent main dans la main avec toute l\u2019\u00e9quipe pour assurer le succ\u00e8s de votre entra\u00eenement.<\/p>\n\n\n\n<p>Lors de notre <strong>entra\u00eenement personnel<\/strong> \u00e0 <strong>Berlin-Mitte<\/strong>, diff\u00e9rentes possibilit\u00e9s s&rsquo;offrent \u00e0 vous : Dans ce qu&rsquo;on appelle <a href=\"https:\/\/www.physiotherapie-berlinmitte.de\/fr\/personal-training-berlin-mitte\/entrainement-abdominal\/\">le core-training<\/a>, les exercices se concentrent sur le tronc, c&rsquo;est-\u00e0-dire sur les muscles abdominaux, pelviens, de la colonne vert\u00e9brale et des hanches. Cette forme d&rsquo;entra\u00eenement sert avant tout \u00e0 am\u00e9liorer la stabilit\u00e9 du corps. Cela permet \u00e9galement d&rsquo;am\u00e9liorer le sens de l&rsquo;\u00e9quilibre et la capacit\u00e9 de coordination.<\/p>\n\n\n\n<p>Les cha\u00eenes de fascias, qui traversent tout le corps comme un filet, sont assouplies de mani\u00e8re cibl\u00e9e lors d&rsquo;un <a href=\"https:\/\/www.physiotherapie-berlinmitte.de\/fr\/personal-training-berlin-mitte\/entrainement-fascia\/\">entra\u00eenement<\/a> sp\u00e9cial <a href=\"https:\/\/www.physiotherapie-berlinmitte.de\/fr\/personal-training-berlin-mitte\/entrainement-fascia\/\">des fascias<\/a>, bas\u00e9 sur des exercices d&rsquo;\u00e9tirement classiques et des exercices de mouvement \u00e9lastiques. Les exercices constituent un compl\u00e9ment optimal \u00e0 un entra\u00eenement de force et d&rsquo;endurance traditionnel.<\/p>\n\n\n\n<div class=\"cta-wrapper\">\n<div class=\"cta-phone\">\n<h3 class=\"head1 center\">Prenez rendez-vous<\/h3>\n<p class=\"center\">Vous voulez \u00eatre en forme et en bonne sant\u00e9 ? Nous vous aidons rapidement et simplement ! Contactez-nous et prenez rendez-vous \u00e0 court terme dans notre cabinet de physioth\u00e9rapie.<\/p>\n<p class=\"btn-set\">\n<a class=\"btn btn-secondary\" href=\"tel:+493054881177\"><i class=\"fa fa-phone\"><\/i>Appeler<\/a>\n<a class=\"btn btn-secondary\" href=\"mailto:info@physiotherapie-berlinmitte.de\"><i class=\"fa fa-envelope\"><\/i>Courrier \u00e9lectronique<\/a>\n<\/p>\n<\/div>\n<\/div>\n\n\n\n<h2 class=\"head1 mb10\">Entra\u00eeneur personnel Berlin et coaching sant\u00e9 holistique<\/h2>\n\n\n\n<p>Si vous souhaitez entra\u00eener \u00e0 la fois l&rsquo;endurance, la coordination et la force, la <a href=\"https:\/\/www.physiotherapie-berlinmitte.de\/fr\/personal-training-berlin-mitte\/boxe-de-remise-en-forme\/\">boxe fitness<\/a> que nous proposons \u00e9galement est faite pour vous. Avec diff\u00e9rents \u00e9l\u00e9ments issus de la boxe et du kickboxing, il favorise efficacement les performances de l&rsquo;ensemble du corps, m\u00eame sans sparring-partner.<\/p>\n\n\n\n<p>L&rsquo;<a href=\"https:\/\/www.physiotherapie-berlinmitte.de\/fr\/personal-training-berlin-mitte\/entrainement-fonctionnel\/\">entra\u00eenement fonctionnel<\/a> offre la possibilit\u00e9 de faire travailler simultan\u00e9ment plusieurs groupes de muscles et d&rsquo;articulations. L&rsquo;objectif est d&rsquo;augmenter la perception du corps gr\u00e2ce \u00e0 des mouvements globaux. Il ne s&rsquo;agit pas exclusivement de d\u00e9velopper la musculature, mais plut\u00f4t de rendre le corps apte \u00e0 supporter les contraintes de la vie quotidienne, professionnelle ou sportive.<\/p>\n\n\n\n<p><a href=\"https:\/\/www.physiotherapie-berlinmitte.de\/fr\/personal-training-berlin-mitte\/fitness-en-plein-air\/\">Le fitness en plein air<\/a> se pratique, comme son nom l&rsquo;indique, \u00e0 l&rsquo;air libre. Les diff\u00e9rents exercices vari\u00e9s, compos\u00e9s de course, d&rsquo;\u00e9tirements, d&rsquo;exercices d&rsquo;endurance ou de relaxation, stimulent le syst\u00e8me cardio-vasculaire et constituent un bon \u00e9quilibre par rapport \u00e0 la vie de bureau.<\/p>\n\n\n\n<p>Outre l&rsquo;<strong>entra\u00eenement personnel<\/strong>, vous avez \u00e9galement la possibilit\u00e9 de suivre diff\u00e9rents cours dans notre cabinet de physioth\u00e9rapie \u00e0 Berlin-Mitte. Jetez \u00e9galement un coup d&rsquo;\u0153il sur notre blog. Vous trouverez ici r\u00e9guli\u00e8rement des articles d&rsquo;actualit\u00e9 sur la sant\u00e9, le fitness et l&rsquo;<strong>entra\u00eenement personnel<\/strong>.<\/p>\n\n<\/div><\/section>","protected":false},"excerpt":{"rendered":"Personal Training Berlin Mitte Un entra\u00eenement personnel global pour votre sant\u00e9 Le suivi individuel et personnel de l&rsquo;entra\u00eenement par nos physioth\u00e9rapeutes exp\u00e9riment\u00e9s et qualifi\u00e9s &#8230; <a title=\"Formation personnelle Berlin Mitte\" class=\"read-more\" href=\"https:\/\/www.physiotherapie-berlinmitte.de\/fr\/personal-training-berlin-mitte\/\" aria-label=\"En savoir plus sur Formation personnelle Berlin Mitte\">Lire la suite<\/a>","protected":false},"author":1,"featured_media":0,"parent":0,"menu_order":0,"comment_status":"closed","ping_status":"closed","template":"","meta":{"_seopress_robots_primary_cat":"","_seopress_titles_title":"Coaching fitness Berlin Mitte au %%currentmonth%% %%sep%% %sitetitle%%","_seopress_titles_desc":"Pendant une courte p\u00e9riode, nous proposons notre coaching de fitness personnel pour 450 euros au lieu de 550 euros. Dans le %%currentmonth%%, nous avons encore des places libres. Informe-toi gratuitement","_seopress_robots_index":"","footnotes":""},"class_list":{"0":"post-16991","1":"page","2":"type-page","3":"status-publish","5":"no-featured-image-padding"},"_links":{"self":[{"href":"https:\/\/www.physiotherapie-berlinmitte.de\/fr\/wp-json\/wp\/v2\/pages\/16991","targetHints":{"allow":["GET"]}}],"collection":[{"href":"https:\/\/www.physiotherapie-berlinmitte.de\/fr\/wp-json\/wp\/v2\/pages"}],"about":[{"href":"https:\/\/www.physiotherapie-berlinmitte.de\/fr\/wp-json\/wp\/v2\/types\/page"}],"author":[{"embeddable":true,"href":"https:\/\/www.physiotherapie-berlinmitte.de\/fr\/wp-json\/wp\/v2\/users\/1"}],"replies":[{"embeddable":true,"href":"https:\/\/www.physiotherapie-berlinmitte.de\/fr\/wp-json\/wp\/v2\/comments?post=16991"}],"version-history":[{"count":0,"href":"https:\/\/www.physiotherapie-berlinmitte.de\/fr\/wp-json\/wp\/v2\/pages\/16991\/revisions"}],"wp:attachment":[{"href":"https:\/\/www.physiotherapie-berlinmitte.de\/fr\/wp-json\/wp\/v2\/media?parent=16991"}],"curies":[{"name":"wp","href":"https:\/\/api.w.org\/{rel}","templated":true}]}}