{"id":17027,"date":"2022-03-25T12:56:10","date_gmt":"2022-03-25T11:56:10","guid":{"rendered":"https:\/\/www.physiotherapie-berlinmitte.de\/cabinet-medical\/"},"modified":"2022-05-20T17:16:33","modified_gmt":"2022-05-20T15:16:33","slug":"cabinet-medical","status":"publish","type":"page","link":"https:\/\/www.physiotherapie-berlinmitte.de\/fr\/cabinet-medical\/","title":{"rendered":"Cabinet m\u00e9dical"},"content":{"rendered":"<section class=\"gb-container gb-container-30ddf2e1\"><div class=\"gb-inside-container\">\n\n<figure class=\"wp-block-image size-full\"><img decoding=\"async\" width=\"1200\" height=\"500\" src=\"https:\/\/www.physiotherapie-berlinmitte.de\/wp-content\/uploads\/2022\/04\/physiotherapie-praxis-empfang.jpg\" alt=\"Physiotherapie Praxis Berlin Mitte Empfang\" class=\"wp-image-15878\" srcset=\"https:\/\/www.physiotherapie-berlinmitte.de\/wp-content\/uploads\/2022\/04\/physiotherapie-praxis-empfang.jpg 1200w, https:\/\/www.physiotherapie-berlinmitte.de\/wp-content\/uploads\/2022\/04\/physiotherapie-praxis-empfang-300x125.jpg 300w, https:\/\/www.physiotherapie-berlinmitte.de\/wp-content\/uploads\/2022\/04\/physiotherapie-praxis-empfang-1024x427.jpg 1024w, https:\/\/www.physiotherapie-berlinmitte.de\/wp-content\/uploads\/2022\/04\/physiotherapie-praxis-empfang-768x320.jpg 768w\" sizes=\"(max-width: 1200px) 100vw, 1200px\" \/><\/figure>\n\n\n<h1 class=\"phead mt30\">Notre cabinet de physioth\u00e9rapie \u00e0 Berlin Mitte<\/h1>\r\n\n\n\n<p>Notre cabinet est situ\u00e9 au c\u0153ur de la capitale, \u00e0 Berlin Mitte, o\u00f9 se rencontrent l\u2019ancien et le plus r\u00e9cent, la post\u00e9rit\u00e9 et l\u2019avenir et o\u00f9 des b\u00e2timents charg\u00e9s d\u2019histoire, d\u2019art et dont l\u2019architecture est \u00e0 couper le souffle se font face. Un cabinet o\u00f9 le corps et l\u2019esprit peuvent retourner \u00e0 leur \u00e9tat original.&#13;\n&#13;\n<\/p>\n\n\n\n<p>Qu\u2019il s\u2019agisse de pr\u00e9vention, de th\u00e9rapie ou de r\u00e9\u00e9ducation, notre cabinet de kin\u00e9sith\u00e9rapie \u00e0 Berlin Mitte propose des traitements de kin\u00e9sith\u00e9rapie, des techniques ost\u00e9opathiques, des massages, des entra\u00eenements personnalis\u00e9s ou encore des cours visant \u00e0 promouvoir l\u2019autonomie et le bien-\u00eatre des patients dans leur vie quotidienne. Si vous souffrez d\u2019une maladie orthop\u00e9dique ou neurologique ou de troubles fonctionnels des organes internes, la kin\u00e9sith\u00e9rapie se concentre sur l\u2019identification de la cause de la maladie afin d\u2019\u00e9tablir un plan de traitement efficace qui combat la maladie depuis la source. Dans le cadre des traitements, les pouvoirs d\u2019autogu\u00e9rison de l\u2019organisme doivent \u00eatre activ\u00e9s en priorit\u00e9 afin que celui-ci compense la douleur, les troubles fonctionnels et d\u00e9veloppementaux ou d\u2019autres restrictions \u00e0 l\u2019aide de ses propres capacit\u00e9s.&#13;\n&#13;\n<\/p>\n\n\n\n<p>Dans l\u2019agitation de la capitale, le corps est particuli\u00e8rement sollicit\u00e9. Les nombreuses possibilit\u00e9s et le rythme tr\u00e9pidant de la ville anim\u00e9e mettent l\u2019appareil locomoteur \u00e0 rude \u00e9preuve et affectent le psychisme. Des douleurs, des tensions, des sympt\u00f4mes de stress et de nervosit\u00e9, tout cela peut ralentir le cours de la vie quotidienne et rendre cette derni\u00e8re plus difficile. Le cabinet de kin\u00e9sith\u00e9rapie Marsch rend son \u00e9nergie \u00e0 votre corps et vous arme contre la vie urbaine.&#13;\n&#13;\n<\/p>\n\n\n\n<p>Un corps souple et perm\u00e9able, une conscience de soi et une harmonie cibl\u00e9e dans la vie quotidienne. Nous comprenons ce dont votre corps a besoin pour se d\u00e9placer ind\u00e9pendamment et librement.&#13;\n&#13;\n<\/p>\n\n\n\n<div class=\"cta-wrapper\">\r\n<div class=\"cta-phone mb0\">\r\n<h3 class=\"head1 center\">Convenir d&rsquo;un rendez-vous \u00e0 court terme<\/h3>\r\n<p class=\"center\">Des douleurs aigu\u00ebs ? Des tensions ou des douleurs ? Alors appelez-nous et convenez d&rsquo;un rendez-vous de traitement dans les meilleurs d\u00e9lais dans notre cabinet.<\/p>\r\n<a class=\"btn btn-secondary\" href=\"tel:+493054881177\"><i class=\"fa fa-phone\"><\/i>+49 30 54 88 11 77<\/a>\r\n<\/div>\r\n<\/div>\r\n\n<\/div><\/section><section class=\"gb-container gb-container-12d066c8\"><div class=\"gb-inside-container\">\n<div class=\"gb-container gb-container-559b420c\"><div class=\"gb-inside-container\">\n\n<h2 class=\"head1 mb10\">Impressions de notre cabinet \u00e0 Berlin<\/h2>\r\n\n<\/div><\/div>\n\n<div class=\"gb-container gb-container-995e1ca4\"><div class=\"gb-inside-container\">\n<div class=\"gb-grid-wrapper gb-grid-wrapper-027af266\">\n<div class=\"gb-grid-column gb-grid-column-4f50834d\"><div class=\"gb-container gb-container-4f50834d\"><div class=\"gb-inside-container\">\n<div class=\"gb-grid-wrapper gb-grid-wrapper-0f630581\">\n<div class=\"gb-grid-column gb-grid-column-511d2873\"><div class=\"gb-container gb-container-511d2873\"><div class=\"gb-inside-container\">\n\n<figure class=\"wp-block-image size-large iimg\"><img decoding=\"async\" width=\"1024\" height=\"768\" src=\"https:\/\/www.physiotherapie-berlinmitte.de\/wp-content\/uploads\/2022\/04\/personal-training-berlin-impressionen-1024x768.jpg\" alt=\"Personal Training Physiotherapie Berlin\" class=\"wp-image-15896\" srcset=\"https:\/\/www.physiotherapie-berlinmitte.de\/wp-content\/uploads\/2022\/04\/personal-training-berlin-impressionen-1024x768.jpg 1024w, https:\/\/www.physiotherapie-berlinmitte.de\/wp-content\/uploads\/2022\/04\/personal-training-berlin-impressionen-300x225.jpg 300w, https:\/\/www.physiotherapie-berlinmitte.de\/wp-content\/uploads\/2022\/04\/personal-training-berlin-impressionen-768x576.jpg 768w, https:\/\/www.physiotherapie-berlinmitte.de\/wp-content\/uploads\/2022\/04\/personal-training-berlin-impressionen.jpg 1200w\" sizes=\"(max-width: 1024px) 100vw, 1024px\" \/><figcaption>Salle de traitement <\/figcaption><\/figure>\n\n\n<figure class=\"wp-block-image size-large iimg\"><img decoding=\"async\" width=\"1024\" height=\"768\" src=\"https:\/\/www.physiotherapie-berlinmitte.de\/wp-content\/uploads\/2022\/04\/wartebereich-physiotherapie-berlin-impressionen-1024x768.jpg\" alt=\"Wartebereich Physiotherapie Berlin\" class=\"wp-image-15902\" srcset=\"https:\/\/www.physiotherapie-berlinmitte.de\/wp-content\/uploads\/2022\/04\/wartebereich-physiotherapie-berlin-impressionen-1024x768.jpg 1024w, https:\/\/www.physiotherapie-berlinmitte.de\/wp-content\/uploads\/2022\/04\/wartebereich-physiotherapie-berlin-impressionen-300x225.jpg 300w, https:\/\/www.physiotherapie-berlinmitte.de\/wp-content\/uploads\/2022\/04\/wartebereich-physiotherapie-berlin-impressionen-768x576.jpg 768w, https:\/\/www.physiotherapie-berlinmitte.de\/wp-content\/uploads\/2022\/04\/wartebereich-physiotherapie-berlin-impressionen.jpg 1200w\" sizes=\"(max-width: 1024px) 100vw, 1024px\" \/><figcaption>Salle d&rsquo;attente<\/figcaption><\/figure>\n<\/div><\/div><\/div>\n\n<div class=\"gb-grid-column gb-grid-column-6da5f25f\"><div class=\"gb-container gb-container-6da5f25f\"><div class=\"gb-inside-container\">\n\n<figure class=\"wp-block-image size-large iimg\"><img decoding=\"async\" width=\"1024\" height=\"768\" src=\"https:\/\/www.physiotherapie-berlinmitte.de\/wp-content\/uploads\/2022\/04\/empfangsbereich-physiotherapie-impressionen-1024x768.jpg\" alt=\"Empfangsbereich Physiotherapie Berlin\" class=\"wp-image-15908\" srcset=\"https:\/\/www.physiotherapie-berlinmitte.de\/wp-content\/uploads\/2022\/04\/empfangsbereich-physiotherapie-impressionen-1024x768.jpg 1024w, https:\/\/www.physiotherapie-berlinmitte.de\/wp-content\/uploads\/2022\/04\/empfangsbereich-physiotherapie-impressionen-300x225.jpg 300w, https:\/\/www.physiotherapie-berlinmitte.de\/wp-content\/uploads\/2022\/04\/empfangsbereich-physiotherapie-impressionen-768x576.jpg 768w, https:\/\/www.physiotherapie-berlinmitte.de\/wp-content\/uploads\/2022\/04\/empfangsbereich-physiotherapie-impressionen.jpg 1200w\" sizes=\"(max-width: 1024px) 100vw, 1024px\" \/><figcaption>R\u00e9ception<\/figcaption><\/figure>\n\n\n<figure class=\"wp-block-image size-large iimg\"><img decoding=\"async\" width=\"1024\" height=\"768\" src=\"https:\/\/www.physiotherapie-berlinmitte.de\/wp-content\/uploads\/2022\/04\/behandlungszimmer-pyhsiotherapie-impressionen-1024x768.jpg\" alt=\"Salle de traitement \" class=\"wp-image-15914\" srcset=\"https:\/\/www.physiotherapie-berlinmitte.de\/wp-content\/uploads\/2022\/04\/behandlungszimmer-pyhsiotherapie-impressionen-1024x768.jpg 1024w, https:\/\/www.physiotherapie-berlinmitte.de\/wp-content\/uploads\/2022\/04\/behandlungszimmer-pyhsiotherapie-impressionen-300x225.jpg 300w, https:\/\/www.physiotherapie-berlinmitte.de\/wp-content\/uploads\/2022\/04\/behandlungszimmer-pyhsiotherapie-impressionen-768x576.jpg 768w, https:\/\/www.physiotherapie-berlinmitte.de\/wp-content\/uploads\/2022\/04\/behandlungszimmer-pyhsiotherapie-impressionen.jpg 1200w\" sizes=\"(max-width: 1024px) 100vw, 1024px\" \/><figcaption>Salle de traitement <\/figcaption><\/figure>\n<\/div><\/div><\/div>\n\n<div class=\"gb-grid-column gb-grid-column-2f935420\"><div class=\"gb-container gb-container-2f935420\"><div class=\"gb-inside-container\">\n\n<figure class=\"wp-block-image size-large iimg\"><img decoding=\"async\" width=\"1024\" height=\"768\" src=\"https:\/\/www.physiotherapie-berlinmitte.de\/wp-content\/uploads\/2022\/04\/behandlungszimmer-pyhsiotherapie-berlin-impressionen-1024x768.jpg\" alt=\"Salle de traitement \" class=\"wp-image-15884\" srcset=\"https:\/\/www.physiotherapie-berlinmitte.de\/wp-content\/uploads\/2022\/04\/behandlungszimmer-pyhsiotherapie-berlin-impressionen-1024x768.jpg 1024w, https:\/\/www.physiotherapie-berlinmitte.de\/wp-content\/uploads\/2022\/04\/behandlungszimmer-pyhsiotherapie-berlin-impressionen-300x225.jpg 300w, https:\/\/www.physiotherapie-berlinmitte.de\/wp-content\/uploads\/2022\/04\/behandlungszimmer-pyhsiotherapie-berlin-impressionen-768x576.jpg 768w, https:\/\/www.physiotherapie-berlinmitte.de\/wp-content\/uploads\/2022\/04\/behandlungszimmer-pyhsiotherapie-berlin-impressionen.jpg 1200w\" sizes=\"(max-width: 1024px) 100vw, 1024px\" \/><figcaption>Salle de traitement <\/figcaption><\/figure>\n\n\n<figure class=\"wp-block-image size-large iimg\"><img decoding=\"async\" width=\"1024\" height=\"768\" src=\"https:\/\/www.physiotherapie-berlinmitte.de\/wp-content\/uploads\/2022\/04\/flyer-physiotherapie-berlin-impressionen-1024x768.jpg\" alt=\"Flyer Physiotherapie Berlin\" class=\"wp-image-15890\" srcset=\"https:\/\/www.physiotherapie-berlinmitte.de\/wp-content\/uploads\/2022\/04\/flyer-physiotherapie-berlin-impressionen-1024x768.jpg 1024w, https:\/\/www.physiotherapie-berlinmitte.de\/wp-content\/uploads\/2022\/04\/flyer-physiotherapie-berlin-impressionen-300x225.jpg 300w, https:\/\/www.physiotherapie-berlinmitte.de\/wp-content\/uploads\/2022\/04\/flyer-physiotherapie-berlin-impressionen-768x576.jpg 768w, https:\/\/www.physiotherapie-berlinmitte.de\/wp-content\/uploads\/2022\/04\/flyer-physiotherapie-berlin-impressionen.jpg 1200w\" sizes=\"(max-width: 1024px) 100vw, 1024px\" \/><figcaption>Recommandez-nous<\/figcaption><\/figure>\n<\/div><\/div><\/div>\n<\/div>\n<\/div><\/div><\/div>\n\n<div class=\"gb-grid-column gb-grid-column-fe67ff98\"><div class=\"gb-container gb-container-fe67ff98\"><div class=\"gb-inside-container\">\n\n<figure class=\"wp-block-embed is-type-video is-provider-youtube wp-block-embed-youtube vvideo2 wp-embed-aspect-16-9 wp-has-aspect-ratio\"><div class=\"wp-block-embed__wrapper\">\r\n<iframe title=\"Rundgang durch die Praxis f\u00fcr Physiotherapie Berlin Mitte Marsch.\" width=\"1200\" height=\"675\" src=\"https:\/\/www.youtube.com\/embed\/duiWsRiWe9w?feature=oembed\" frameborder=\"0\" allow=\"accelerometer; autoplay; clipboard-write; encrypted-media; gyroscope; picture-in-picture\" allowfullscreen><\/iframe>\r\n<\/div><\/figure>\r\n\n<\/div><\/div><\/div>\n<\/div>\n<\/div><\/div>\n<\/div><\/section>\n<p><\/p>\n","protected":false},"excerpt":{"rendered":"Notre cabinet de physioth\u00e9rapie \u00e0 Berlin Mitte Notre cabinet est situ\u00e9 au c\u0153ur de la capitale, \u00e0 Berlin Mitte, o\u00f9 se rencontrent l\u2019ancien et &#8230; <a title=\"Cabinet m\u00e9dical\" class=\"read-more\" href=\"https:\/\/www.physiotherapie-berlinmitte.de\/fr\/cabinet-medical\/\" aria-label=\"En savoir plus sur Cabinet m\u00e9dical\">Lire la suite<\/a>","protected":false},"author":1,"featured_media":0,"parent":0,"menu_order":0,"comment_status":"closed","ping_status":"closed","template":"","meta":{"_seopress_robots_primary_cat":"","_seopress_titles_title":"","_seopress_titles_desc":"","_seopress_robots_index":"","footnotes":""},"class_list":{"0":"post-17027","1":"page","2":"type-page","3":"status-publish","5":"no-featured-image-padding"},"_links":{"self":[{"href":"https:\/\/www.physiotherapie-berlinmitte.de\/fr\/wp-json\/wp\/v2\/pages\/17027","targetHints":{"allow":["GET"]}}],"collection":[{"href":"https:\/\/www.physiotherapie-berlinmitte.de\/fr\/wp-json\/wp\/v2\/pages"}],"about":[{"href":"https:\/\/www.physiotherapie-berlinmitte.de\/fr\/wp-json\/wp\/v2\/types\/page"}],"author":[{"embeddable":true,"href":"https:\/\/www.physiotherapie-berlinmitte.de\/fr\/wp-json\/wp\/v2\/users\/1"}],"replies":[{"embeddable":true,"href":"https:\/\/www.physiotherapie-berlinmitte.de\/fr\/wp-json\/wp\/v2\/comments?post=17027"}],"version-history":[{"count":0,"href":"https:\/\/www.physiotherapie-berlinmitte.de\/fr\/wp-json\/wp\/v2\/pages\/17027\/revisions"}],"wp:attachment":[{"href":"https:\/\/www.physiotherapie-berlinmitte.de\/fr\/wp-json\/wp\/v2\/media?parent=17027"}],"curies":[{"name":"wp","href":"https:\/\/api.w.org\/{rel}","templated":true}]}}