{"id":17033,"date":"2022-04-21T21:03:05","date_gmt":"2022-04-21T19:03:05","guid":{"rendered":"https:\/\/www.physiotherapie-berlinmitte.de\/cabinet-medical\/offres-demploi\/"},"modified":"2022-05-20T17:43:22","modified_gmt":"2022-05-20T15:43:22","slug":"offres-demploi","status":"publish","type":"page","link":"https:\/\/www.physiotherapie-berlinmitte.de\/fr\/cabinet-medical\/offres-demploi\/","title":{"rendered":"Offres d\u2019emploi"},"content":{"rendered":"<section class=\"gb-container gb-container-aedb0d23 jobs-wrapper\"><div class=\"gb-inside-container\">\n\n<figure class=\"wp-block-image size-full\"><img decoding=\"async\" width=\"1920\" height=\"600\" src=\"https:\/\/www.physiotherapie-berlinmitte.de\/wp-content\/uploads\/2022\/04\/physiotherapie-jobs.jpg\" alt=\"Physiotherapie Jobs Angebote\" class=\"wp-image-16559\" srcset=\"https:\/\/www.physiotherapie-berlinmitte.de\/wp-content\/uploads\/2022\/04\/physiotherapie-jobs.jpg 1920w, https:\/\/www.physiotherapie-berlinmitte.de\/wp-content\/uploads\/2022\/04\/physiotherapie-jobs-300x94.jpg 300w, https:\/\/www.physiotherapie-berlinmitte.de\/wp-content\/uploads\/2022\/04\/physiotherapie-jobs-1024x320.jpg 1024w, https:\/\/www.physiotherapie-berlinmitte.de\/wp-content\/uploads\/2022\/04\/physiotherapie-jobs-768x240.jpg 768w, https:\/\/www.physiotherapie-berlinmitte.de\/wp-content\/uploads\/2022\/04\/physiotherapie-jobs-1536x480.jpg 1536w\" sizes=\"(max-width: 1920px) 100vw, 1920px\" \/><\/figure>\n\n\n<h1 class=\"head1 mt30\">Offres d\u2019emploi en physioth\u00e9rapie<\/h1>\r\n<div class=\"sub-head\">Rejoins notre \u00e9quipe<\/div>\r\n\n\n\n<p>Pour notre cabinet de physioth\u00e9rapie, nous recherchons maintenant:<\/p>\n\n\n\n<div class=\"accordion-wrapper\">\r\n\t<details><summary>Physioth\u00e9rapeute \u00e0 temps partiel (homme \/ femme)<\/summary><p>Pour notre cabinet de physioth\u00e9rapie \u00e0 Berlin-Mitte, nous recherchons des physioth\u00e9rapeutes \u00e0 temps partiel (15 \u00e0 30 heures par semaine). Nous nous distinguons par nos conseils et nos traitements professionnels et individuels. Notre concept de th\u00e9rapie holistique comprend la physioth\u00e9rapie passive et active, ainsi que la th\u00e9rapie d\u2019entra\u00eenement plus tard.<\/p>\r\n\t\t<p><strong>Ce que vous devez apporter avec vous:<\/strong><\/p>\r\n\t\t<ul><li>Formation en physioth\u00e9rapie (avec plusieurs ann\u00e9es d\u2019exp\u00e9rience professionnelle ou, si vous \u00eates un jeune professionnel,<\/li>\r\n<li>Des qualifications suppl\u00e9mentaires en \u00abth\u00e9rapie manuelle\u00bb sont souhaitables<\/li>\r\n<li>Attitude positive, motivation et plaisir \u00e0 traiter avec les gens<\/li>\r\n<li>Fiabilit\u00e9, r\u00e9silience et travail d\u2019\u00e9quipe<\/li>\r\n<li>Orientation client et service<\/li>\r\n<li>ma\u00eetrise de l\u2019anglais<\/li>\r\n\t\t<\/ul><p><strong>Ce qu\u2019elle attend:<\/strong><\/p>\r\n\t\t<ul><li>Une solide \u00e9quipe de physioth\u00e9rapeutes (hommes \/ femmes)<\/li>\r\n<li>Traitement des patients en th\u00e9rapie individuelle<\/li>\r\n<li>Cr\u00e9ation de plans th\u00e9rapeutiques individuels et documentation r\u00e9guli\u00e8re des progr\u00e8s th\u00e9rapeutiques<\/li>\r\n<li>R\u00e9unions d\u2019\u00e9quipe interdisciplinaires r\u00e9guli\u00e8res<\/li>\r\n\t\t<\/ul><p><strong>Ce que nous vous proposons:<\/strong><\/p>\r\n\t\t<ul><li>Paiement au-dessus du tarif et avec un bonus sp\u00e9cial<\/li>\r\n<li>entra\u00eenement interne<\/li>\r\n<li>Une ambiance de travail agr\u00e9able et professionnelle<\/li>\r\n<li>Une pratique moderne<\/li>\r\n\t\t<\/ul><\/details><details><summary>Renforcement de notre \u00e9quipe de direction de bureau sur une base<\/summary><p>Pour notre cabinet de kin\u00e9sith\u00e9rapie \u00e0 Berlin-Mitte nous recherchons un renfort pour notre \u00e9quipe de direction de bureau (sur une base de 400 euros). En tant que Office Manager, vous \u00eates la figure de proue amicale et le centre d\u2019organisation de Physiotherapy Marsch Berlin Mitte. Dans ce r\u00f4le, vous vous assurez que tous les processus de gestion de bureau se d\u00e9roulent sans heurts et vous vous assurez que les clients et les employ\u00e9s se sentent \u00e0 l\u2019aise. Faites partie de notre \u00e9quipe motiv\u00e9e et internationale!<\/p>\r\n\t\t<p><strong>Ce que vous devez apporter avec vous:<\/strong><\/p>\r\n\t\t<ul><li>Service \u00e9lev\u00e9 et orientation client<\/li>\r\n<li>Comp\u00e9tences en communication et organisation au-dessus de la moyenne<\/li>\r\n<li>Tr\u00e8s bonnes comp\u00e9tences orales et \u00e9crites en allemand et en anglais<\/li>\r\n<li>Mode de travail ind\u00e9pendant et structur\u00e9<\/li>\r\n<li>Fiabilit\u00e9, r\u00e9silience et travail d\u2019\u00e9quipe<\/li>\r\n<li>Gestion s\u00fbre de Windows, MS Office et MS Excel<\/li>\r\n<li>Motivation et plaisir au travail<\/li>\r\n\t\t<\/ul><p><strong>Ce qu\u2019elle attend:<\/strong><\/p>\r\n\t\t<ul><li>Un travail bas\u00e9 sur 400 euros<\/li>\r\n<li>Un m\u00e9tier vari\u00e9<\/li>\r\n<li>Une pratique moderne au centre de Berlin et un lieu de travail \u00e0 la pointe de la technologie<\/li>\r\n<li>Un environnement professionnel et international<\/li>\r\n<li>Un employeur reconnu<\/li>\r\n<li>Une super \u00e9quipe et une tr\u00e8s bonne ambiance de travail<\/li>\r\n\t\t<\/ul><p><strong>Ce que nous vous proposons:<\/strong><\/p>\r\n\t\t<ul><li>Une ambiance de travail agr\u00e9able et professionnelle<\/li>\r\n<li>Une pratique moderne<\/li>\r\n\t\t<\/ul><\/details><\/div>\r\n\n\n\n<div class=\"cta-wrapper\">\r\n<div class=\"cta-phone\">\r\n<h3 class=\"head1 center\">Int\u00e9ress\u00e9?<\/h3>\r\n<p class=\"center\">Dans ce cas, nous nous r\u00e9jouissons de recevoir votre candidature pertinente. Pour toute question, n&rsquo;h\u00e9sitez pas \u00e0 nous contacter au +49 30 54 88 11 77.<\/p>\r\n<a class=\"btn btn-secondary\" href=\"mailto:jobs@physiotherapie-berlinmitte.de\"><i class=\"fa fa-envelope-o\"><\/i>Postuler maintenant<\/a>\r\n<\/div>\r\n<\/div>\r\n\n<\/div><\/section>","protected":false},"excerpt":{"rendered":"Offres d\u2019emploi en physioth\u00e9rapie Rejoins notre \u00e9quipe Pour notre cabinet de physioth\u00e9rapie, nous recherchons maintenant: Physioth\u00e9rapeute \u00e0 temps partiel (homme \/ femme)Pour notre cabinet &#8230; <a title=\"Offres d\u2019emploi\" class=\"read-more\" href=\"https:\/\/www.physiotherapie-berlinmitte.de\/fr\/cabinet-medical\/offres-demploi\/\" aria-label=\"En savoir plus sur Offres d\u2019emploi\">Lire la suite<\/a>","protected":false},"author":1,"featured_media":0,"parent":17027,"menu_order":0,"comment_status":"closed","ping_status":"closed","template":"","meta":{"_seopress_robots_primary_cat":"","_seopress_titles_title":"","_seopress_titles_desc":"","_seopress_robots_index":"","footnotes":""},"class_list":{"0":"post-17033","1":"page","2":"type-page","3":"status-publish","5":"no-featured-image-padding"},"_links":{"self":[{"href":"https:\/\/www.physiotherapie-berlinmitte.de\/fr\/wp-json\/wp\/v2\/pages\/17033","targetHints":{"allow":["GET"]}}],"collection":[{"href":"https:\/\/www.physiotherapie-berlinmitte.de\/fr\/wp-json\/wp\/v2\/pages"}],"about":[{"href":"https:\/\/www.physiotherapie-berlinmitte.de\/fr\/wp-json\/wp\/v2\/types\/page"}],"author":[{"embeddable":true,"href":"https:\/\/www.physiotherapie-berlinmitte.de\/fr\/wp-json\/wp\/v2\/users\/1"}],"replies":[{"embeddable":true,"href":"https:\/\/www.physiotherapie-berlinmitte.de\/fr\/wp-json\/wp\/v2\/comments?post=17033"}],"version-history":[{"count":0,"href":"https:\/\/www.physiotherapie-berlinmitte.de\/fr\/wp-json\/wp\/v2\/pages\/17033\/revisions"}],"up":[{"embeddable":true,"href":"https:\/\/www.physiotherapie-berlinmitte.de\/fr\/wp-json\/wp\/v2\/pages\/17027"}],"wp:attachment":[{"href":"https:\/\/www.physiotherapie-berlinmitte.de\/fr\/wp-json\/wp\/v2\/media?parent=17033"}],"curies":[{"name":"wp","href":"https:\/\/api.w.org\/{rel}","templated":true}]}}