{"id":44048,"date":"2022-11-04T16:50:11","date_gmt":"2022-11-04T15:50:11","guid":{"rendered":"https:\/\/www.physiotherapie-berlinmitte.de\/therapie-du-systeme-nerveux-sympathique\/"},"modified":"2023-11-18T13:53:53","modified_gmt":"2023-11-18T12:53:53","slug":"therapie-du-systeme-nerveux-sympathique","status":"publish","type":"page","link":"https:\/\/www.physiotherapie-berlinmitte.de\/fr\/therapie-du-systeme-nerveux-sympathique\/","title":{"rendered":"Th\u00e9rapie du syst\u00e8me nerveux sympathique"},"content":{"rendered":"<section class=\"gb-container gb-container-8a9385b0\"><div class=\"gb-inside-container\">\n\n<figure class=\"wp-block-image size-full\"><img decoding=\"async\" width=\"1920\" height=\"600\" src=\"https:\/\/www.physiotherapie-berlinmitte.de\/wp-content\/uploads\/2022\/11\/sympathikus-therapie-berlin-mitte.jpg\" alt=\"th&#xE9;rapie sympathique physioth&#xE9;rapie cabinet berlin centre christian marsch\" class=\"wp-image-24492\" srcset=\"https:\/\/www.physiotherapie-berlinmitte.de\/wp-content\/uploads\/2022\/11\/sympathikus-therapie-berlin-mitte.jpg 1920w, https:\/\/www.physiotherapie-berlinmitte.de\/wp-content\/uploads\/2022\/11\/sympathikus-therapie-berlin-mitte-300x94.jpg 300w, https:\/\/www.physiotherapie-berlinmitte.de\/wp-content\/uploads\/2022\/11\/sympathikus-therapie-berlin-mitte-1024x320.jpg 1024w, https:\/\/www.physiotherapie-berlinmitte.de\/wp-content\/uploads\/2022\/11\/sympathikus-therapie-berlin-mitte-768x240.jpg 768w, https:\/\/www.physiotherapie-berlinmitte.de\/wp-content\/uploads\/2022\/11\/sympathikus-therapie-berlin-mitte-1536x480.jpg 1536w, https:\/\/www.physiotherapie-berlinmitte.de\/wp-content\/uploads\/2022\/11\/sympathikus-therapie-berlin-mitte-500x156.jpg 500w, https:\/\/www.physiotherapie-berlinmitte.de\/wp-content\/uploads\/2022\/11\/sympathikus-therapie-berlin-mitte-800x250.jpg 800w, https:\/\/www.physiotherapie-berlinmitte.de\/wp-content\/uploads\/2022\/11\/sympathikus-therapie-berlin-mitte-1280x400.jpg 1280w\" sizes=\"(max-width: 1920px) 100vw, 1920px\" \/><\/figure>\n\n\n<h1 class=\"phead mt30\">Th\u00e9rapie du syst\u00e8me nerveux sympathique dans le cabinet de physioth\u00e9rapie de Berlin-Mitte<\/h1>\n\n\n\n<p>Le syst\u00e8me nerveux sympathique est un nerf qui fait partie de ce que l&rsquo;on appelle le syst\u00e8me nerveux v\u00e9g\u00e9tatif (autonome). Son r\u00f4le est de mettre le corps en \u00e9tat d&rsquo;alerte, par exemple en acc\u00e9l\u00e9rant le rythme cardiaque et en dilatant les voies respiratoires. Il est notamment activ\u00e9 dans les situations de stress et d&rsquo;urgence et est destin\u00e9 \u00e0 pr\u00e9parer le corps au combat ou \u00e0 la fuite, par exemple.<\/p>\n\n\n\n<p>Les cellules nerveuses du syst\u00e8me sympathique se trouvent dans la moelle \u00e9pini\u00e8re. Les fibres nerveuses qui en sortent forment des ganglions nerveux. Ces ganglions forment ensemble une cha\u00eene de ganglions nerveux qui s&rsquo;\u00e9tend de la base du cr\u00e2ne au coccyx, \u00e0 gauche et \u00e0 droite de la colonne vert\u00e9brale : le tronc sympathique (truncus sympathicus). Sa position \u00e0 proximit\u00e9 directe des t\u00eates de c\u00f4tes rend le cordon limite vuln\u00e9rable aux irritations, car le moindre blocage vert\u00e9bral peut entra\u00eener une pression de ces t\u00eates de c\u00f4tes sur les ganglions et provoquer ainsi des irritations.<\/p>\n\n\n\n<p>Un nerf sympathique ainsi activ\u00e9 en permanence peut entra\u00eener une multitude de troubles et d&rsquo;affections. Elles ont g\u00e9n\u00e9ralement en commun d&rsquo;\u00eatre localis\u00e9es et de s&rsquo;aggraver au repos &#8211; et la recherche de la cause s&rsquo;est souvent r\u00e9v\u00e9l\u00e9e vaine jusqu&rsquo;\u00e0 pr\u00e9sent. La th\u00e9rapie du syst\u00e8me nerveux sympathique, telle qu&rsquo;elle est propos\u00e9e par les physioth\u00e9rapeutes du <a href=\"https:\/\/www.physiotherapie-berlinmitte.de\/fr\/\">cabinet de physioth\u00e9rapie de Berlin-Mitte<\/a>, peut souvent apporter un soulagement dans ces cas.<\/p>\n\n\n\n<div class=\"cta-wrapper\">\n\t<div class=\"cta-phone\">\n\t\t<h3 class=\"head1 center\">Prendre un rendez-vous de physioth\u00e9rapie<\/h3>\n\t\t<p class=\"center\">Appelez-nous pour convenir d&rsquo;un rendez-vous sur nos sites du <span class=\"route-links\"><a href=\"tel:+493054881177\" target=\"_blank\" rel=\"noopener\">Naturkundemuseum<\/a><\/span> ou <span class=\"route-links\"><a href=\"tel:+493091446612\" target=\"_blank\" rel=\"noopener\">Stadtmitte<\/a><\/span>.<br\/><br\/>\nVous pouvez \u00e9galement nous envoyer <span class=\"route-links\"><a href=\"https:\/\/www.physiotherapie-berlinmitte.de\/fr\/contact\/#kontaktformular\" target=\"_blank\" rel=\"noopener\">votre demande de rendez-vous<\/a><\/span> via notre formulaire de contact.<\/p>\n\t\t\t<a class=\"btn btn-secondary\" href=\"tel:+493054881177\"><i class=\"fa fa-phone\"><\/i>Naturkundemuseum<\/a>\n\t\t\t<a class=\"btn btn-secondary\" href=\"tel:+493091446612\"><i class=\"fa fa-phone\"><\/i>Stadtmitte<\/a>\n\t\t\t<a class=\"btn btn-secondary\" href=\"https:\/\/www.physiotherapie-berlinmitte.de\/fr\/contact\/#kontaktformular\"><i class=\"fa fa-envelope\"><\/i>E-mail<\/a>\n\t<\/div>\n<\/div>\n\n<\/div><\/section><section class=\"gb-container gb-container-e0dc2fbd\"><div class=\"gb-inside-container\">\n<div class=\"gb-container gb-container-34ae0581\"><div class=\"gb-inside-container\">\n\n<h2 class=\"head1 mt30 mb10\">Domaines d&rsquo;application de la th\u00e9rapie du syst\u00e8me nerveux sympathique<\/h2>\n\n\n\n<p>De nombreuses maladies et affections chroniques jusqu&rsquo;ici incurables trouvent leur origine dans un nerf sympathique irrit\u00e9 par un blocage vert\u00e9bral. La th\u00e9rapie du syst\u00e8me sympathique est un concept de traitement relativement r\u00e9cent qui traite les douleurs et les troubles qui en r\u00e9sultent par la stimulation de points r\u00e9flexes sensibles.<\/p>\n\n\n\n<p><strong><em>La th\u00e9rapie d\u00e9velopp\u00e9e par le Dr Dieter Heesch est utilis\u00e9e de mani\u00e8re polyvalente dans notre cabinet de physioth\u00e9rapie de Berlin-Mitte :<\/em><\/strong><\/p>\n\n\n<div class=\"gb-grid-wrapper gb-grid-wrapper-8e05465b\">\n<div class=\"gb-grid-column gb-grid-column-3d3de314\"><div class=\"gb-container gb-container-3d3de314\"><div class=\"gb-inside-container\">\n\n<ul class=\"clist\"><li>Migraine<\/li>\n<li>Vertiges<\/li>\n<li>Acouph\u00e8nes<\/li>\n<li>Jambes sans repos<\/li>\n<li>Zona<\/li>\n<li>Tennis elbow<\/li>\n<li>Syndrome du canal carpien<\/li>\n<li>\u00c9peron calcan\u00e9en<\/li>\n<\/ul>\n<\/div><\/div><\/div>\n\n<div class=\"gb-grid-column gb-grid-column-a2db0685\"><div class=\"gb-container gb-container-a2db0685\"><div class=\"gb-inside-container\">\n\n<ul class=\"clist\"><li>Toux grasse<\/li>\n<li>Maux de dos<\/li>\n<li>crampes nocturnes des mollets<\/li>\n<li>Douleur \u00e0 l&rsquo;\u00e9paule<\/li>\n<li>douleur lat\u00e9rale de la hanche<\/li>\n<li>Br\u00fblures d&rsquo;estomac<\/li>\n<li>C\u00f4lon irritable<\/li>\n<\/ul>\n<\/div><\/div><\/div>\n\n<div class=\"gb-grid-column gb-grid-column-0ec15877\"><div class=\"gb-container gb-container-0ec15877\"><div class=\"gb-inside-container\">\n\n<figure class=\"wp-block-image size-full\"><img decoding=\"async\" width=\"768\" height=\"307\" src=\"https:\/\/www.physiotherapie-berlinmitte.de\/wp-content\/uploads\/2021\/12\/sympathikus-therapie-physiotherapie-praxis-berlin-mitte-christian-marsch-768x307-1.png\" alt=\"th&#xE9;rapie sympathique physioth&#xE9;rapie cabinet berlin centre christian marsch 768x307\" class=\"wp-image-17453\" srcset=\"https:\/\/www.physiotherapie-berlinmitte.de\/wp-content\/uploads\/2021\/12\/sympathikus-therapie-physiotherapie-praxis-berlin-mitte-christian-marsch-768x307-1.png 768w, https:\/\/www.physiotherapie-berlinmitte.de\/wp-content\/uploads\/2021\/12\/sympathikus-therapie-physiotherapie-praxis-berlin-mitte-christian-marsch-768x307-1-300x120.png 300w, https:\/\/www.physiotherapie-berlinmitte.de\/wp-content\/uploads\/2021\/12\/sympathikus-therapie-physiotherapie-praxis-berlin-mitte-christian-marsch-768x307-1-500x200.png 500w\" sizes=\"(max-width: 768px) 100vw, 768px\" \/><\/figure>\n<\/div><\/div><\/div>\n<\/div>\n<\/div><\/div>\n<\/div><\/section><section class=\"gb-container gb-container-893a7035\"><div class=\"gb-inside-container\">\n\n<h2 class=\"head1 mt30 mb10\">Comment fonctionne la th\u00e9rapie du syst\u00e8me nerveux sympathique ?<\/h2>\n\n\n\n<p>La th\u00e9rapie du syst\u00e8me nerveux sympathique s&rsquo;effectue uniquement avec les mains, un crayon de recherche ainsi qu&rsquo;un patch \u00e0 billes. La micropression agit comme un massage doux, visant \u00e0 assouplir les muscles et les tissus conjonctifs. Ensuite, une th\u00e9rapie manuelle est mise en \u0153uvre pour lever le blocage dans l&rsquo;articulation. Le patch \u00e0 billes (\u00e9galement appel\u00e9 : Akuperm) plac\u00e9 ensuite sur un point d&rsquo;appel d&rsquo;offres correspondant assure une d\u00e9tente durable des muscles.<\/p>\n\n\n\n<h3 class=\"head1 mt30 mb10\">Domaines d&rsquo;application de la th\u00e9rapie du syst\u00e8me nerveux sympathique<\/h3>\n\n\n\n<p>La th\u00e9rapie sympathique enregistre des taux de r\u00e9ussite \u00e9lev\u00e9s dans l&rsquo;\u00e9limination des douleurs permanentes, telles que les migraines. Par ailleurs, ce type de th\u00e9rapie peut \u00e9galement att\u00e9nuer les troubles ou sympt\u00f4mes suivants :  <\/p>\n\n\n\n<div class=\"cta-wrapper\">\n\t<div class=\"cta-phone\">\n\t\t<h3 class=\"head1 center\">Prendre un rendez-vous de physioth\u00e9rapie<\/h3>\n\t\t<p class=\"center\">Appelez-nous pour convenir d&rsquo;un rendez-vous sur nos sites du <span class=\"route-links\"><a href=\"tel:+493054881177\" target=\"_blank\" rel=\"noopener\">Naturkundemuseum<\/a><\/span> ou <span class=\"route-links\"><a href=\"tel:+493091446612\" target=\"_blank\" rel=\"noopener\">Stadtmitte<\/a><\/span>.<br\/><br\/>\nVous pouvez \u00e9galement nous envoyer <span class=\"route-links\"><a href=\"https:\/\/www.physiotherapie-berlinmitte.de\/fr\/contact\/#kontaktformular\" target=\"_blank\" rel=\"noopener\">votre demande de rendez-vous<\/a><\/span> via notre formulaire de contact.<\/p>\n\t\t\t<a class=\"btn btn-secondary\" href=\"tel:+493054881177\"><i class=\"fa fa-phone\"><\/i>Naturkundemuseum<\/a>\n\t\t\t<a class=\"btn btn-secondary\" href=\"tel:+493091446612\"><i class=\"fa fa-phone\"><\/i>Stadtmitte<\/a>\n\t\t\t<a class=\"btn btn-secondary\" href=\"https:\/\/www.physiotherapie-berlinmitte.de\/fr\/contact\/#kontaktformular\"><i class=\"fa fa-envelope\"><\/i>E-mail<\/a>\n\t<\/div>\n<\/div>\n\n\n\n<p><strong>Hypertension<\/strong>: comme le syst\u00e8me sympathique peut r\u00e9guler le d\u00e9bit cardiaque, il y a une augmentation du d\u00e9bit cardiaque et, dans le m\u00eame mouvement, une augmentation de la pression art\u00e9rielle d\u00e8s que le syst\u00e8me sympathique est stimul\u00e9. La th\u00e9rapie du syst\u00e8me nerveux sympathique vise \u00e0 r\u00e9soudre l&rsquo;irritation du syst\u00e8me nerveux sympathique afin de faire baisser \u00e0 nouveau la tension art\u00e9rielle.  <\/p>\n\n\n\n<p><strong>Organes internes<\/strong>: un blocage de certaines parties de la colonne vert\u00e9brale thoracique ainsi que des erreurs de commande dans le cadre du syst\u00e8me nerveux favorisent la s\u00e9cr\u00e9tion d&rsquo;acide gastrique, qui peut \u00e0 son tour entra\u00eener des inflammations. La relaxation des segments concern\u00e9s de la moelle \u00e9pini\u00e8re dans le cadre d&rsquo;une th\u00e9rapie sympathique permet de traiter de nombreuses maladies des organes internes, comme par exemple une inflammation de la muqueuse gastrique, un c\u00f4lon irritable ou la maladie de Crohn.  <\/p>\n\n\n\n<p><strong>Troubles de la vision<\/strong>: Les troubles visuels qui ne peuvent pas \u00eatre diagnostiqu\u00e9s par un ophtalmologue, car ils ne sont pas d&rsquo;origine hormonale par exemple, peuvent \u00eatre la cons\u00e9quence d&rsquo;une irritation du syst\u00e8me nerveux sympathique. S&rsquo;il y a un blocage au niveau de la premi\u00e8re ou de la deuxi\u00e8me vert\u00e8bre cervicale, cela peut entra\u00eener un trouble de la vision qui peut \u00eatre r\u00e9solu dans le cadre d&rsquo;une th\u00e9rapie du syst\u00e8me nerveux sympathique.  <\/p>\n\n\n\n<p><strong>\u00c9peron calcan\u00e9en<\/strong>: l&rsquo;\u00e9peron calcan\u00e9en est souvent la cons\u00e9quence d&rsquo;un r\u00e9tr\u00e9cissement fascial, avec la formation d&rsquo;un os qui d\u00e9passe. Comme il n&rsquo;est pas possible d&rsquo;en d\u00e9terminer l&rsquo;origine avec pr\u00e9cision, la th\u00e9rapie sympathique localise le point de d\u00e9part &#8211; g\u00e9n\u00e9ralement en commen\u00e7ant par le bassin &#8211; et tente de rem\u00e9dier \u00e0 la mauvaise position \u00e0 partir de l\u00e0.  <\/p>\n\n\n\n<p>La th\u00e9rapie du syst\u00e8me nerveux sympathique traite encore de nombreuses autres maladies, l&rsquo;objectif \u00e9tant toujours d&rsquo;\u00e9liminer les blocages \u00e0 l&rsquo;origine des sympt\u00f4mes tels que les inflammations, les douleurs ou les tensions. Une telle th\u00e9rapie convient bien pour traiter les troubles \u00e0 la base et les \u00e9liminer si possible sans influence m\u00e9dicamenteuse.  <\/p>\n\n<\/div><\/section>","protected":false},"excerpt":{"rendered":"Th\u00e9rapie du syst\u00e8me nerveux sympathique dans le cabinet de physioth\u00e9rapie de Berlin-Mitte Le syst\u00e8me nerveux sympathique est un nerf qui fait partie de ce &#8230; <a title=\"Th\u00e9rapie du syst\u00e8me nerveux sympathique\" class=\"read-more\" href=\"https:\/\/www.physiotherapie-berlinmitte.de\/fr\/therapie-du-systeme-nerveux-sympathique\/\" aria-label=\"En savoir plus sur Th\u00e9rapie du syst\u00e8me nerveux sympathique\">Lire la suite<\/a>","protected":false},"author":2,"featured_media":0,"parent":0,"menu_order":0,"comment_status":"closed","ping_status":"closed","template":"","meta":{"_seopress_robots_primary_cat":"","_seopress_titles_title":"Th\u00e9rapie du sympathique Berlin centre %%sep%% %sitetitle%%","_seopress_titles_desc":"Th\u00e9rapie du syst\u00e8me nerveux sympathique contre les maladies chroniques. Cabinet de physioth\u00e9rapie berlinois. Nos physioth\u00e9rapeutes vous traitent par micropression.","_seopress_robots_index":"","footnotes":""},"class_list":{"0":"post-44048","1":"page","2":"type-page","3":"status-publish","5":"no-featured-image-padding"},"_links":{"self":[{"href":"https:\/\/www.physiotherapie-berlinmitte.de\/fr\/wp-json\/wp\/v2\/pages\/44048","targetHints":{"allow":["GET"]}}],"collection":[{"href":"https:\/\/www.physiotherapie-berlinmitte.de\/fr\/wp-json\/wp\/v2\/pages"}],"about":[{"href":"https:\/\/www.physiotherapie-berlinmitte.de\/fr\/wp-json\/wp\/v2\/types\/page"}],"author":[{"embeddable":true,"href":"https:\/\/www.physiotherapie-berlinmitte.de\/fr\/wp-json\/wp\/v2\/users\/2"}],"replies":[{"embeddable":true,"href":"https:\/\/www.physiotherapie-berlinmitte.de\/fr\/wp-json\/wp\/v2\/comments?post=44048"}],"version-history":[{"count":0,"href":"https:\/\/www.physiotherapie-berlinmitte.de\/fr\/wp-json\/wp\/v2\/pages\/44048\/revisions"}],"wp:attachment":[{"href":"https:\/\/www.physiotherapie-berlinmitte.de\/fr\/wp-json\/wp\/v2\/media?parent=44048"}],"curies":[{"name":"wp","href":"https:\/\/api.w.org\/{rel}","templated":true}]}}